{"id":647,"date":"2012-01-29T21:36:32","date_gmt":"2012-01-29T20:36:32","guid":{"rendered":"http:\/\/etsa.udc.es\/pEtsa\/?page_id=647"},"modified":"2014-12-02T08:42:35","modified_gmt":"2014-12-02T08:42:35","slug":"biblioteca","status":"publish","type":"page","link":"https:\/\/etsa.udc.es\/web\/?page_id=647","title":{"rendered":"Biblioteca"},"content":{"rendered":"<p>A <a href=\"http:\/\/www.udc.gal\/biblioteca.etsa\">biblioteca da ETSAC<\/a> pon ao servizo do estudantado, dos profesorado e dos investigadores vinculados \u00e1 Universidade unha colecci\u00f3n especializada en Arquitectura, Urbanismo e Arte integrada por m\u00e1is de 38.000 volumes e m\u00e1is de 400 publicaci\u00f3ns peri\u00f3dicas, ademais de material bibliogr\u00e1fico en soporte inform\u00e1tico, ao que haber\u00eda que engadir outro material como v\u00eddeos, mapas, fotograf\u00edas etc. \u00c1 marxe de todo este material, a biblioteca ofrece \u00e1s persoas usuarias a posibilidade de accederen \u00e1s colecci\u00f3ns doutras bibliotecas mediante o servizo de pr\u00e9stamo interbibliotecario.<\/p>\n<p>Ademais da custodia e a xesti\u00f3n da colecci\u00f3n propia, a biblioteca funciona como un centro de informaci\u00f3n e orientaci\u00f3n ao usuario nos recursos bibliogr\u00e1ficos e documentais (procuras bibliogr\u00e1ficas, manexo de cat\u00e1logos e bases de datos referenciais e textuais, librar\u00edas virtuais e outros). Neste \u00e1mbito, a biblioteca cumpre tam\u00e9n coa funci\u00f3n de formar as persoas usuarias co obxectivo de que adquiran as habilidades necesarias para se moveren coa maior autonom\u00eda dentro do mundo da informaci\u00f3n.<\/p>\n<p>DIRECTORA<br \/>\nMayra Sanju\u00e1n Pedreira<\/p>\n<p><a href=\"http:\/\/www.udc.gal\/biblioteca.etsa\"><img decoding=\"async\" loading=\"lazy\" class=\"alignleft size-full wp-image-13219\" src=\"http:\/\/etsa.udc.es\/web\/wp-content\/uploads\/2012\/01\/biblio_00.png\" alt=\"biblio_00\" width=\"630\" height=\"300\" srcset=\"https:\/\/etsa.udc.es\/web\/wp-content\/uploads\/2012\/01\/biblio_00.png 630w, https:\/\/etsa.udc.es\/web\/wp-content\/uploads\/2012\/01\/biblio_00-180x85.png 180w, https:\/\/etsa.udc.es\/web\/wp-content\/uploads\/2012\/01\/biblio_00-620x295.png 620w\" sizes=\"(max-width: 630px) 100vw, 630px\" \/><\/a><\/p>\n<p>&nbsp;<\/p>\n","protected":false},"excerpt":{"rendered":"<p>A biblioteca da ETSAC pon ao servizo do estudantado, dos profesorado e dos investigadores vinculados \u00e1 Universidade unha colecci\u00f3n especializada en Arquitectura, Urbanismo e Arte integrada por m\u00e1is de 38.000 [&hellip;]<\/p>\n","protected":false},"author":11,"featured_media":0,"parent":0,"menu_order":0,"comment_status":"closed","ping_status":"closed","template":"","meta":[],"_links":{"self":[{"href":"https:\/\/etsa.udc.es\/web\/index.php?rest_route=\/wp\/v2\/pages\/647"}],"collection":[{"href":"https:\/\/etsa.udc.es\/web\/index.php?rest_route=\/wp\/v2\/pages"}],"about":[{"href":"https:\/\/etsa.udc.es\/web\/index.php?rest_route=\/wp\/v2\/types\/page"}],"author":[{"embeddable":true,"href":"https:\/\/etsa.udc.es\/web\/index.php?rest_route=\/wp\/v2\/users\/11"}],"replies":[{"embeddable":true,"href":"https:\/\/etsa.udc.es\/web\/index.php?rest_route=%2Fwp%2Fv2%2Fcomments&post=647"}],"version-history":[{"count":8,"href":"https:\/\/etsa.udc.es\/web\/index.php?rest_route=\/wp\/v2\/pages\/647\/revisions"}],"predecessor-version":[{"id":13222,"href":"https:\/\/etsa.udc.es\/web\/index.php?rest_route=\/wp\/v2\/pages\/647\/revisions\/13222"}],"wp:attachment":[{"href":"https:\/\/etsa.udc.es\/web\/index.php?rest_route=%2Fwp%2Fv2%2Fmedia&parent=647"}],"curies":[{"name":"wp","href":"https:\/\/api.w.org\/{rel}","templated":true}]}}