{"id":5796,"date":"2013-03-07T17:49:15","date_gmt":"2013-03-07T16:49:15","guid":{"rendered":"http:\/\/etsa.udc.es\/web\/?page_id=5796"},"modified":"2020-08-03T00:12:06","modified_gmt":"2020-08-02T22:12:06","slug":"prematricula-abierta-hasta-el-18-03-2013","status":"publish","type":"page","link":"https:\/\/etsa.udc.es\/web\/?page_id=5796","title":{"rendered":"PREMATRICULA ABERTA HASTA O 18.03.2013"},"content":{"rendered":"<h3>Cursos de optimizaci\u00f3n del entorno de trabajo en el uso de herramientas inform\u00e1ticas. Convocatoria 2012\/2013<\/h3>\n<p>Curso oficial de la Universidad de A Coru\u00f1a. C\u00f3digo 512\/84.<br \/>\nSe conceder\u00e1n 2 cr\u00e9ditos de libre elecci\u00f3n.<br \/>\nCurso restringido a alumnos de la Escuela T\u00e9cnica Superior de Arquitectura de A Coru\u00f1a.<br \/>\nSe convocan dos cursos con id\u00e9ntico contenido.<\/p>\n<h4>OBJETIVOS<\/h4>\n<p>Establecimiento de un entorno de trabajo optimizado que permita al alumno establecer unos par\u00e1metros iniciales de trabajo que le ayuden a reducir el tiempo empleado en la realizaci\u00f3n de las tareas relacionadas con el desarrollo de los trabajos y pr\u00e1cticas que exijan el uso de herramientas inform\u00e1ticas. \u00a0Se utilizar\u00e1 software de uso libre, disponible en la red \u00a0y diverso software que la Escuela pone a disposici\u00f3n de los alumnos en el Laboratorio de Dise\u00f1o Asistido.<\/p>\n<h3>PROGRAMA DEL CURSO<\/h3>\n<p>1. INTRODUCCI\u00d3N GENERAL A LOS ENTORNOS DE TRABAJO<br \/>\n2. SOFTWARE LIBRE. OPEN OFFICE. WRITER<br \/>\n3.- HERRAMIENTAS MICROSOFT OFFICE l.<\/p>\n<p style=\"padding-left: 30px;\">3.1 Word<br \/>\nPersonalizaci\u00f3n<br \/>\n<em id=\"__mceDel\">Estilos<\/em><br \/>\n<em id=\"__mceDel\"><\/em><em id=\"__mceDel\">\u00cdndices<\/em><br \/>\n<em id=\"__mceDel\"><\/em><em id=\"__mceDel\">Tabla de contenidos, de ilustraciones y de tablas<\/em><br \/>\n<em id=\"__mceDel\"><\/em><em id=\"__mceDel\">Plantillas<\/em><br \/>\n<em id=\"__mceDel\"><\/em><em id=\"__mceDel\">Utilizaci\u00f3n de esquemas<\/em><br \/>\n<em id=\"__mceDel\"><\/em><em id=\"__mceDel\">Documentos maestros<\/em><\/p>\n<p style=\"padding-left: 30px;\"><em id=\"__mceDel\">3.2 Powerpoint<br \/>\nPersonalizaci\u00f3n<br \/>\nVistas<br \/>\nPatr\u00f3n de diapositiva<br \/>\nAlineaci\u00f3n y orden<br \/>\nAnimaciones y transiciones<br \/>\nVista moderador<\/em><\/p>\n<p style=\"padding-left: 30px;\"><em id=\"__mceDel\"><\/em><em id=\"__mceDel\">3.3 Excel<br \/>\nTipos de datos<br \/>\nOrdenaci\u00f3n<br \/>\nCarga de datos<br \/>\nPir\u00e1mides de poblaci\u00f3n<br \/>\nTablas din\u00e1micas<\/em><\/p>\n<p><em id=\"__mceDel\"><\/em><em id=\"__mceDel\"><\/em><em id=\"__mceDel\"><\/em><em id=\"__mceDel\"><\/em><em id=\"__mceDel\"><\/em><em id=\"__mceDel\"><\/em><em id=\"__mceDel\">4.- HERRAMIENTAS DISPONIBLES EN L\u00cdNEA<\/em><\/p>\n<p style=\"padding-left: 30px;\"><em id=\"__mceDel\"><\/em><em id=\"__mceDel\"><\/em><em id=\"__mceDel\"><\/em><em id=\"__mceDel\"><\/em><em id=\"__mceDel\"><\/em><em id=\"__mceDel\"><\/em><em id=\"__mceDel\"><\/em><em id=\"__mceDel\"><\/em><em id=\"__mceDel\"><\/em><em id=\"__mceDel\"><\/em><em id=\"__mceDel\"><\/em><em id=\"__mceDel\">GDocs, Dropbox, Diigo, Evernote\u2026<\/em><\/p>\n<p><em id=\"__mceDel\"><\/em><em id=\"__mceDel\"><\/em><em id=\"__mceDel\">5.- HERRAMIENTAS DE DISE\u00d1O ASISTIDO POR ORDENADOR I<\/em><\/p>\n<p style=\"padding-left: 30px;\"><em id=\"__mceDel\"><\/em><em id=\"__mceDel\"><\/em><em id=\"__mceDel\"><\/em><em id=\"__mceDel\"><\/em><em id=\"__mceDel\"><\/em><em id=\"__mceDel\"><\/em><em id=\"__mceDel\">Autocad. Autocad architecture. Autocad WS. Personalizaci\u00f3n.<\/em><\/p>\n<p><em id=\"__mceDel\"><\/em><em id=\"__mceDel\"><\/em><em id=\"__mceDel\"><\/em><em id=\"__mceDel\"><\/em><em id=\"__mceDel\"><\/em><em id=\"__mceDel\"><\/em><em id=\"__mceDel\"><\/em><em id=\"__mceDel\"><\/em><em id=\"__mceDel\">6. HERRAMIENTAS DE DISE\u00d1O ASISTIDO POR ORDENADOR II<\/em><\/p>\n<p style=\"padding-left: 30px;\"><em id=\"__mceDel\"><\/em><em id=\"__mceDel\"><\/em><em id=\"__mceDel\"><\/em><em id=\"__mceDel\"><\/em><em id=\"__mceDel\"><\/em><em id=\"__mceDel\"><\/em><em id=\"__mceDel\"><\/em><em id=\"__mceDel\"><\/em><em id=\"__mceDel\"><\/em><em id=\"__mceDel\"><\/em><em id=\"__mceDel\">Building lnformation Modeling: Revit Architecture. Procesos b\u00e1sicos.<\/em><\/p>\n<p><em id=\"__mceDel\"><\/em><em id=\"__mceDel\"><\/em><em id=\"__mceDel\"><\/em><em id=\"__mceDel\"><\/em><em id=\"__mceDel\"><\/em><em id=\"__mceDel\">7. TRABAJO COLABORATIVO<\/em><br \/>\n<em id=\"__mceDel\"><\/em><em id=\"__mceDel\"><\/em><em id=\"__mceDel\">8. PRESENTACI\u00d3N DEL TRABAJO<\/em><\/p>\n<p style=\"padding-left: 30px;\"><em id=\"__mceDel\"><\/em><em id=\"__mceDel\"><\/em><em id=\"__mceDel\"><\/em><em id=\"__mceDel\"><\/em><em id=\"__mceDel\"><\/em><em id=\"__mceDel\"><\/em><em id=\"__mceDel\"><\/em><em id=\"__mceDel\"><\/em><em id=\"__mceDel\">Utilizaci\u00f3n correcta de herramientas inform\u00e1ticas<\/em><br \/>\n<em id=\"__mceDel\"><\/em><em id=\"__mceDel\"><\/em><em id=\"__mceDel\">C\u00f3digo de estilo<\/em><br \/>\n<em id=\"__mceDel\"><\/em><em id=\"__mceDel\"><\/em><em id=\"__mceDel\">Errores m\u00e1s frecuentes<\/em><\/p>\n<p><em id=\"__mceDel\"><\/em><em id=\"__mceDel\"><\/em><em id=\"__mceDel\"><iframe loading=\"lazy\" src=\"https:\/\/docs.google.com\/spreadsheet\/embeddedform?formkey=dHlKdS1kSm1WUFlxNXhzZURPQ3VMYXc6MA\" height=\"2503\" width=\"615\" frameborder=\"0\" marginwidth=\"0\" marginheight=\"0\"><\/iframe><\/em><\/p>\n","protected":false},"excerpt":{"rendered":"<p>Cursos de optimizaci\u00f3n del entorno de trabajo en el uso de herramientas inform\u00e1ticas. Convocatoria 2012\/2013 Curso oficial de la Universidad de A Coru\u00f1a. C\u00f3digo 512\/84. Se conceder\u00e1n 2 cr\u00e9ditos de [&hellip;]<\/p>\n","protected":false},"author":11,"featured_media":0,"parent":0,"menu_order":0,"comment_status":"open","ping_status":"closed","template":"","meta":[],"_links":{"self":[{"href":"https:\/\/etsa.udc.es\/web\/index.php?rest_route=\/wp\/v2\/pages\/5796"}],"collection":[{"href":"https:\/\/etsa.udc.es\/web\/index.php?rest_route=\/wp\/v2\/pages"}],"about":[{"href":"https:\/\/etsa.udc.es\/web\/index.php?rest_route=\/wp\/v2\/types\/page"}],"author":[{"embeddable":true,"href":"https:\/\/etsa.udc.es\/web\/index.php?rest_route=\/wp\/v2\/users\/11"}],"replies":[{"embeddable":true,"href":"https:\/\/etsa.udc.es\/web\/index.php?rest_route=%2Fwp%2Fv2%2Fcomments&post=5796"}],"version-history":[{"count":13,"href":"https:\/\/etsa.udc.es\/web\/index.php?rest_route=\/wp\/v2\/pages\/5796\/revisions"}],"predecessor-version":[{"id":29126,"href":"https:\/\/etsa.udc.es\/web\/index.php?rest_route=\/wp\/v2\/pages\/5796\/revisions\/29126"}],"wp:attachment":[{"href":"https:\/\/etsa.udc.es\/web\/index.php?rest_route=%2Fwp%2Fv2%2Fmedia&parent=5796"}],"curies":[{"name":"wp","href":"https:\/\/api.w.org\/{rel}","templated":true}]}}