{"id":507,"date":"2012-01-26T11:09:10","date_gmt":"2012-01-26T11:09:10","guid":{"rendered":"http:\/\/etsa.udc.es\/pEtsa\/?page_id=507"},"modified":"2016-10-19T18:58:56","modified_gmt":"2016-10-19T16:58:56","slug":"arquitectos-sin-fronteras","status":"publish","type":"page","link":"https:\/\/etsa.udc.es\/web\/?page_id=507","title":{"rendered":"Arquitectura Sen Fronteiras"},"content":{"rendered":"<p><a href=\"http:\/\/www.galicia.asfes.org\/\"><img decoding=\"async\" loading=\"lazy\" class=\"size-full wp-image-23101 alignnone\" src=\"http:\/\/etsa.udc.es\/web\/wp-content\/uploads\/2012\/01\/ASF.png\" alt=\"asf\" width=\"615\" height=\"175\" srcset=\"https:\/\/etsa.udc.es\/web\/wp-content\/uploads\/2012\/01\/ASF.png 615w, https:\/\/etsa.udc.es\/web\/wp-content\/uploads\/2012\/01\/ASF-180x51.png 180w\" sizes=\"(max-width: 615px) 100vw, 615px\" \/><\/a><\/p>\n<p>Arquitectura Sen Fronteiras \u00e9 unha ONG para o desenvolvemento, fundada en 1992 grazas \u00e1 iniciativa dun grupo de arquitectos e arquitectas que xa colaboraba con outras ONG. Dende ent\u00f3n traballamos na defensa do dereito das persoas a un h\u00e1bitat digno promovendo un desenvolvemento humano equitativo e sostible.<\/p>\n<p>Desenvolvemos proxectos integrais, relacionados coa arquitectura, o urbanismo, as infraestruturas e a educaci\u00f3n e sensibilizaci\u00f3n, co obxectivo de promover un desenvolvemento local non dependente, participativo e sustentable, respectando o medio ambiente e as diferentes culturas.<\/p>\n<p>As actividades que realizamos agr\u00fapanse nestas categor\u00edas:<\/p>\n<ul>\n<li>Proxectos de cooperaci\u00f3n en pa\u00edses do Sur.<\/li>\n<li>Actuaci\u00f3ns no entorno local.<\/li>\n<li>Sensibilizaci\u00f3n e educaci\u00f3n (denuncia, formaci\u00f3n e campa\u00f1as informativas).<\/li>\n<\/ul>\n<p>Na actualidade contamos con demarcaci\u00f3ns territoriais en Andaluc\u00eda, Catalu\u00f1a, Comunidade Valenciana-Murcia, Euskadi, Madrid, Navarra e Galicia.<\/p>\n<p>A demarcaci\u00f3n galega foi creada en 1995 por alumnado da ETSAC, e dende ent\u00f3n mantemos o noso local social na Escola. Desenvolvemos proxectos integrais na contorna da Coru\u00f1a e en Am\u00e9rica Central, relacionados coa arquitectura, o urbanismo, as infraestruturas e a educaci\u00f3n e sensibilizaci\u00f3n, co obxectivo de promover un desenvolvemento local non dependente, participativo e sustentable, respectando o medio ambiente e as diferentes culturas.<\/p>\n<p>Traballamos en <a href=\"http:\/\/www.galicia.asfes.org\/cooperacion-local\/\">Cooperaci\u00f3n Local <\/a>cos seguintes obxectivos:<\/p>\n<ul>\n<li>Fomentar a inclusi\u00f3n social dos colectivos vulnerables traballando a favor da satisfacci\u00f3n axeitada das s\u00faas necesidades fundamentais<\/li>\n<li>O cumprimento das condici\u00f3ns b\u00e1sicas de habitabilidade<\/li>\n<li>A erradicaci\u00f3n de pautas racistas e discriminatorias da cidadan\u00eda e dos poderes p\u00fablicos.<\/li>\n<\/ul>\n<p>Nos \u00faltimos anos o <a href=\"http:\/\/www.galicia.asfes.org\/cooperacion-internacional\/\">Grupo de Cooperaci\u00f3n Internacional<\/a> centrou o seu traballo en Guatemala coas seguintes li\u00f1as de actuaci\u00f3n:<\/p>\n<p>\u2022 Proxectos de mellora do h\u00e1bitat domiciliar a trav\u00e9s do acceso a unha vivenda digna<br \/>\n\u2022 Proxectos de mellora de infraestructuras educativas<br \/>\n\u2022 Proxectos de mellora de infraestructuras de sa\u00fade<\/p>\n<p>Dende o <a href=\"http:\/\/www.galicia.asfes.org\/educacion-para-o-desenvolvemento\/\">Grupo de Educaci\u00f3n para o Desenvolvemento<\/a> prestamos atenci\u00f3n \u00e1 educaci\u00f3n e a sensibilizaci\u00f3n da nosa sociedade, informando, denunciando e chamando \u00e1 participaci\u00f3n da cidadan\u00eda mediante actividades como:<\/p>\n<ul>\n<li>Cursos online sobre o dereito ao h\u00e1bitat<\/li>\n<li>Seminarios<\/li>\n<li>Exposici\u00f3ns<\/li>\n<li>Unidades did\u00e1cticas<\/li>\n<li>Charlas e obradoiros en centros de educaci\u00f3n formal e non formal.<\/li>\n<\/ul>\n<p>O organigrama de traballo de Arquitectura Sen Fronteiras Galicia compl\u00e9tase de forma transversal aos anteriores cos grupos de <a href=\"http:\/\/www.galicia.asfes.org\/voluntariado-e-formacion\/\">Voluntariado e Formaci\u00f3n<\/a> e o de <a href=\"http:\/\/www.galicia.asfes.org\/comunicacion\/\">Comunicaci\u00f3n<\/a>.<\/p>\n<p>O mellor modo de colaborares connosco \u00e9 <a href=\"http:\/\/www.galicia.asfes.org\/contacto\/\">achegares as t\u00faas ideas, o teu traballo e a t\u00faa ilusi\u00f3n<\/a>, formando parte dun dos grupos de traballo ou con colaboraci\u00f3ns puntuais. Tam\u00e9n podes <a href=\"http:\/\/www.galicia.asfes.org\/colabora\/faite-socio\/\">facerte socio ou socia<\/a> e contribuir as\u00ed \u00e1 independencia financeira da organizaci\u00f3n.<\/p>\n<p>Para saberes m\u00e1is sobre o noso traballo pasa polo noso local no 2\u00ba andar da ETSAC ou a nosa <a href=\"http:\/\/www.galicia.asfes.org\/\">web<\/a> escoita o noso <a href=\"http:\/\/www.galicia.asfes.org\/comunicacion\/habitando\/\">podcast <\/a>visitanos en <a href=\"https:\/\/www.facebook.com\/ArquitecturaSenFronteiras\">facebook<\/a>, s\u00edguenos en <a href=\"https:\/\/twitter.com\/ASF_Galicia\">twitter<\/a> ou suscr\u00edbete ao noso <a href=\"http:\/\/asfes.us8.list-manage.com\/subscribe?u=f3e5044118a1ede523b7c6e88&amp;id=68247250a4\">bolet\u00edn electr\u00f3nico<\/a>.<\/p>\n<p>&nbsp;<\/p>\n","protected":false},"excerpt":{"rendered":"<p>Arquitectura Sen Fronteiras \u00e9 unha ONG para o desenvolvemento, fundada en 1992 grazas \u00e1 iniciativa dun grupo de arquitectos e arquitectas que xa colaboraba con outras ONG. Dende ent\u00f3n traballamos [&hellip;]<\/p>\n","protected":false},"author":11,"featured_media":0,"parent":455,"menu_order":2,"comment_status":"open","ping_status":"open","template":"pageSinComentarios.php","meta":[],"_links":{"self":[{"href":"https:\/\/etsa.udc.es\/web\/index.php?rest_route=\/wp\/v2\/pages\/507"}],"collection":[{"href":"https:\/\/etsa.udc.es\/web\/index.php?rest_route=\/wp\/v2\/pages"}],"about":[{"href":"https:\/\/etsa.udc.es\/web\/index.php?rest_route=\/wp\/v2\/types\/page"}],"author":[{"embeddable":true,"href":"https:\/\/etsa.udc.es\/web\/index.php?rest_route=\/wp\/v2\/users\/11"}],"replies":[{"embeddable":true,"href":"https:\/\/etsa.udc.es\/web\/index.php?rest_route=%2Fwp%2Fv2%2Fcomments&post=507"}],"version-history":[{"count":7,"href":"https:\/\/etsa.udc.es\/web\/index.php?rest_route=\/wp\/v2\/pages\/507\/revisions"}],"predecessor-version":[{"id":23102,"href":"https:\/\/etsa.udc.es\/web\/index.php?rest_route=\/wp\/v2\/pages\/507\/revisions\/23102"}],"up":[{"embeddable":true,"href":"https:\/\/etsa.udc.es\/web\/index.php?rest_route=\/wp\/v2\/pages\/455"}],"wp:attachment":[{"href":"https:\/\/etsa.udc.es\/web\/index.php?rest_route=%2Fwp%2Fv2%2Fmedia&parent=507"}],"curies":[{"name":"wp","href":"https:\/\/api.w.org\/{rel}","templated":true}]}}