{"id":447,"date":"2012-01-26T09:27:43","date_gmt":"2012-01-26T09:27:43","guid":{"rendered":"http:\/\/etsa.udc.es\/pEtsa\/?page_id=447"},"modified":"2026-01-27T13:33:37","modified_gmt":"2026-01-27T12:33:37","slug":"bolsa-de-trabajo","status":"publish","type":"page","link":"https:\/\/etsa.udc.es\/web\/?page_id=447","title":{"rendered":"PR\u00c1CTICAS EXTERNAS ETSAC"},"content":{"rendered":"<p><img decoding=\"async\" loading=\"lazy\" class=\"alignnone size-full wp-image-32506\" src=\"http:\/\/etsa.udc.es\/web\/wp-content\/uploads\/2023\/04\/Imagen-1.png\" alt=\"\" width=\"1060\" height=\"474\" srcset=\"https:\/\/etsa.udc.es\/web\/wp-content\/uploads\/2023\/04\/Imagen-1.png 1060w, https:\/\/etsa.udc.es\/web\/wp-content\/uploads\/2023\/04\/Imagen-1-180x80.png 180w, https:\/\/etsa.udc.es\/web\/wp-content\/uploads\/2023\/04\/Imagen-1-620x277.png 620w, https:\/\/etsa.udc.es\/web\/wp-content\/uploads\/2023\/04\/Imagen-1-768x343.png 768w\" sizes=\"(max-width: 1060px) 100vw, 1060px\" \/><\/p>\n<p><strong>\u00bfQU\u00c9 SON?<\/strong><\/p>\n<p>Una actividad de complemento formativo voluntario que tiene por objetivo permitir al estudiantado complementar los conocimientos adquiridos en tu formaci\u00f3n acad\u00e9mica.<\/p>\n<p>Las pr\u00e1cticas deben favorecer la adquisici\u00f3n de competencias que preparen al estudiantado para el ejercicio de actividades profesionales, siempre bajo la supervisi\u00f3n acad\u00e9mica de la Universidad.<\/p>\n<ul>\n<li>La ETSA, a trav\u00e9s de la Fundaci\u00f3n Universidad de A Coru\u00f1a (FUAC), gestionar\u00e1 la relaci\u00f3n entre empresas y estudiantado para el desarrollo de las pr\u00e1cticas profesionales.<\/li>\n<li>La ETSA intervendr\u00e1 exclusivamente en el seguimiento acad\u00e9mico comprobando que dichas pr\u00e1cticas pueden considerarse un complemento formativo.<\/li>\n<\/ul>\n<p><strong>REQUISITOS<\/strong><\/p>\n<ul>\n<li>Pueden realizar las pr\u00e1cticas todo el estudiantado de la ETSA que superaran el 50% de los cr\u00e9ditos para t\u00edtulos de grado (incluyendo toda la formaci\u00f3n b\u00e1sica) y el 25% para los masters.<\/li>\n<li>El seguimiento posterior de las pr\u00e1cticas se llevar\u00e1 a cabo por el coordinador de pr\u00e1cticas de la universidad y por una persona tutora designada por la empresa o entidad colaboradora.<\/li>\n<\/ul>\n<p><strong>VENTAJAS PARA EL ESTUDIANTADO<\/strong><\/p>\n<p>La duraci\u00f3n de las pr\u00e1cticas tendr\u00e1 un m\u00ednimo de 150 horas y un m\u00e1ximo de 6 meses. Pueden producirse dos renovaciones hasta un m\u00e1ximo de 18 meses.<\/p>\n<p>No se podr\u00e1n superar 80 horas mensuales (en julio y agosto se podr\u00e1 duplicar) ni 750 horas totales de dedicaci\u00f3n en periodo lectivo.<\/p>\n<p>El alumnado de grado puede obtener ECTS con un reconocimiento m\u00e1ximo de 4,5 cr\u00e9ditos (Grado en Arquitectura) o 6 cr\u00e9ditos (Grado en Estudios de arquitectura), siempre y cuando el alumnado y la empresa cumplan el recorrido preestablecido que figura en esta web. Cada 35 horas equivale a un cr\u00e9dito<\/p>\n<p>El alumnado puede, adem\u00e1s, al final del proceso, solicitar su inclusi\u00f3n en su expediente acad\u00e9mico.<\/p>\n<p><strong>CONTACTOS<\/strong><\/p>\n<ul>\n<li><strong>Coordinador y Tutor Docente:<\/strong> Pablo Garc\u00eda Carrillo (practicas.externas.etsac@udc.es)<\/li>\n<li><strong>Gesti\u00f3n administrativa:<\/strong> administracion.etsac@udc.gal<\/li>\n<\/ul>\n<p><strong>OFERTAS DE EMPLEO<\/strong><\/p>\n<p>Para darte de alta en el Equipo de Teams, y ver las ofertas particulares de la ETSA, pincha <a href=\"https:\/\/teams.microsoft.com\/l\/team\/19%3af8be3f0079b84933aa3f1c31d9038688%40thread.tacv2\/conversations?groupId=3ed47b56-c640-42e1-a732-8e17d15ee930&amp;tenantId=cea1ea3e-60b2-4f75-a6c2-a6022e8f961b\">aqu\u00ed<\/a>.<\/p>\n<p>Para ver las ofertas generales de la FUAC, pincha <a href=\"https:\/\/www.fundacion.udc.es\/practicas.asp\">aqu\u00ed <\/a><\/p>\n<p><strong>FORMULARIOS PARA LOS ALUMNOS<\/strong><\/p>\n<ol>\n<li><a href=\"http:\/\/etsa.udc.es\/web\/wp-content\/uploads\/2026\/01\/A1-Formulario_Solicitud-Inscripcion.docx\">SOLICITUD DE INSCRIPCI\u00d3N<\/a><\/li>\n<li><a href=\"http:\/\/etsa.udc.es\/web\/wp-content\/uploads\/2026\/01\/A2-Formulario_Protecc-Datos.docx\">PROTECCI\u00d3N DE DATOS<\/a><\/li>\n<li><a href=\"http:\/\/etsa.udc.es\/web\/wp-content\/uploads\/2026\/01\/A3-Formulario_Anexo-I_aceptacion.docx\">ACEPTACI\u00d3N DE COLABORACI\u00d3N &#8211; ANEXO I<\/a><\/li>\n<li><a href=\"http:\/\/etsa.udc.es\/web\/wp-content\/uploads\/2026\/01\/A4-Formulario_Informe-Memo-estudiante.docx\">INFORME DEL ESTUDIANTE<\/a><\/li>\n<li><a href=\"http:\/\/etsa.udc.es\/web\/wp-content\/uploads\/2026\/01\/A5-Encuesta-alumnos-espanol.docx\">ENCUESTA PARA ALUMNOS<\/a><\/li>\n<li><a href=\"http:\/\/etsa.udc.es\/web\/wp-content\/uploads\/2026\/01\/A6-Informe-Memo-Tutor-Academico.docx\">INFORME DEL TUTOR ACAD\u00c9MICO<\/a><\/li>\n<li><a href=\"http:\/\/etsa.udc.es\/web\/wp-content\/uploads\/2026\/01\/A7-Formulario_Renuncia.docx\">RENUNCIA AL CONVENIO<\/a><\/li>\n<\/ol>\n<p><strong>NORMATIVA<\/strong><\/p>\n<p>La normativa de Pr\u00e1cticas Externas est\u00e1 disponible <a href=\"https:\/\/etsa.udc.es\/web\/wp-content\/uploads\/2012\/01\/2014.12.11-regulamento-pr%C3%A1cticas-externas-ETSAC.pdf\">aqu\u00ed<\/a>.<\/p>\n<p><strong>FORMULARIOS PARA LAS EMPRESAS<\/strong><\/p>\n<p>1A. <a href=\"http:\/\/etsa.udc.es\/web\/wp-content\/uploads\/2024\/05\/FORMULARIO-MODELO_CONVENIO_BILINGUE.pdf\">SOLICITUD DE CONVENIO BILING\u00dcE PARA LA EMPRESA O ENTIDAD<\/a><br \/>\n1B. <a href=\"http:\/\/etsa.udc.es\/web\/wp-content\/uploads\/2024\/05\/FORMULARIO-ADENDA_BILINGUE.pdf\">ANEXO AL CONVENIO PARA LA EMPRESA O ENTIDAD<\/a><br \/>\n2. <a href=\"http:\/\/etsa.udc.es\/web\/wp-content\/uploads\/2024\/04\/E2-Formulario_Informe-Tutor-Profesional.docx\">INFORME DEL TUTOR PROFESIONAL<\/a><br \/>\n3. <a href=\"http:\/\/etsa.udc.es\/web\/wp-content\/uploads\/2024\/04\/E3-Formulario-Encuesta-empleadores_udc.doc\">ENCUESTA EMPLEADORES<\/a><\/p>\n<p><strong>ITINERARIO DEL PROCEDIMIENTO<\/strong><\/p>\n<p><a href=\"http:\/\/etsa.udc.es\/web\/wp-content\/uploads\/2023\/07\/Imagen-1-11.pdf\">Itinerario en PDF<\/a><\/p>\n","protected":false},"excerpt":{"rendered":"<p>\u00bfQU\u00c9 SON? Una actividad de complemento formativo voluntario que tiene por objetivo permitir al estudiantado complementar los conocimientos adquiridos en tu formaci\u00f3n acad\u00e9mica. Las pr\u00e1cticas deben favorecer la adquisici\u00f3n de [&hellip;]<\/p>\n","protected":false},"author":11,"featured_media":0,"parent":496,"menu_order":6,"comment_status":"closed","ping_status":"closed","template":"","meta":[],"_links":{"self":[{"href":"https:\/\/etsa.udc.es\/web\/index.php?rest_route=\/wp\/v2\/pages\/447"}],"collection":[{"href":"https:\/\/etsa.udc.es\/web\/index.php?rest_route=\/wp\/v2\/pages"}],"about":[{"href":"https:\/\/etsa.udc.es\/web\/index.php?rest_route=\/wp\/v2\/types\/page"}],"author":[{"embeddable":true,"href":"https:\/\/etsa.udc.es\/web\/index.php?rest_route=\/wp\/v2\/users\/11"}],"replies":[{"embeddable":true,"href":"https:\/\/etsa.udc.es\/web\/index.php?rest_route=%2Fwp%2Fv2%2Fcomments&post=447"}],"version-history":[{"count":200,"href":"https:\/\/etsa.udc.es\/web\/index.php?rest_route=\/wp\/v2\/pages\/447\/revisions"}],"predecessor-version":[{"id":37047,"href":"https:\/\/etsa.udc.es\/web\/index.php?rest_route=\/wp\/v2\/pages\/447\/revisions\/37047"}],"up":[{"embeddable":true,"href":"https:\/\/etsa.udc.es\/web\/index.php?rest_route=\/wp\/v2\/pages\/496"}],"wp:attachment":[{"href":"https:\/\/etsa.udc.es\/web\/index.php?rest_route=%2Fwp%2Fv2%2Fmedia&parent=447"}],"curies":[{"name":"wp","href":"https:\/\/api.w.org\/{rel}","templated":true}]}}