{"id":428,"date":"2012-01-26T09:04:59","date_gmt":"2012-01-26T08:04:59","guid":{"rendered":"http:\/\/etsa.udc.es\/pEtsa\/?page_id=428"},"modified":"2025-11-21T15:51:53","modified_gmt":"2025-11-21T14:51:53","slug":"movilidad","status":"publish","type":"page","link":"https:\/\/etsa.udc.es\/web\/?page_id=428","title":{"rendered":"Mobilidade"},"content":{"rendered":"<p>&nbsp;<\/p>\n<p><img decoding=\"async\" loading=\"lazy\" class=\"alignnone wp-image-33896 \" src=\"http:\/\/etsa.udc.es\/web\/wp-content\/uploads\/2024\/03\/dotted-world-map-png-533x300.png\" alt=\"\" width=\"620\" height=\"349\" srcset=\"https:\/\/etsa.udc.es\/web\/wp-content\/uploads\/2024\/03\/dotted-world-map-png-533x300.png 533w, https:\/\/etsa.udc.es\/web\/wp-content\/uploads\/2024\/03\/dotted-world-map-png-180x101.png 180w, https:\/\/etsa.udc.es\/web\/wp-content\/uploads\/2024\/03\/dotted-world-map-png-768x432.png 768w, https:\/\/etsa.udc.es\/web\/wp-content\/uploads\/2024\/03\/dotted-world-map-png-1536x864.png 1536w, https:\/\/etsa.udc.es\/web\/wp-content\/uploads\/2024\/03\/dotted-world-map-png-195x110.png 195w, https:\/\/etsa.udc.es\/web\/wp-content\/uploads\/2024\/03\/dotted-world-map-png.png 1920w\" sizes=\"(max-width: 620px) 100vw, 620px\" \/><\/p>\n<p><span style=\"color: #000000;\"><strong>Contacto:<\/strong> <a style=\"color: #000000;\" href=\"mailto:mobilidade.etsac@udc.es\">mobilidade.etsac@udc.es<\/a><\/span><\/p>\n<h3><span style=\"color: #000000;\"><strong>MOBILIDADE INTERNACIONAL<\/strong><\/span><\/h3>\n<ul>\n<li><span style=\"color: #0000ff;\"><a href=\"http:\/\/etsa.udc.es\/web\/wp-content\/uploads\/2023\/11\/Maqueta_SAINTES_baja.pdf\">Manual de mobilidade da ETSAC<\/a><\/span><\/li>\n<li><span style=\"color: #0000ff;\"><a style=\"color: #0000ff;\" href=\"http:\/\/etsa.udc.es\/web\/wp-content\/uploads\/2020\/03\/ETSAC_requisitos-mobilidade.pdf\" target=\"_blank\" rel=\"noopener noreferrer\">Requisitos mobilidade ETSAC<\/a><\/span><\/li>\n<li><span style=\"color: #0000ff;\"><a style=\"color: #0000ff;\" href=\"http:\/\/etsa.udc.es\/web\/wp-content\/uploads\/2022\/04\/Plantilla_Recon\u0303ecemento-1.docx\"><span style=\"color: #0000ff;\">Documento de reco\u00f1emento ETSAC<\/span><\/a><\/span><\/li>\n<li><span style=\"color: #000000;\"><span style=\"color: #0000ff;\"><a style=\"color: #0000ff;\" href=\"https:\/\/www.udc.es\/es\/ori\/\" target=\"_blank\" rel=\"noopener noreferrer\">Oficina de Relaci\u00f3ns Internacionais (ORI) da UDC<\/a> <\/span><\/span><\/li>\n<li><span style=\"color: #0000ff;\"><a style=\"color: #0000ff;\" href=\"http:\/\/etsa.udc.es\/web\/wp-content\/uploads\/2020\/03\/Reuglamento-mobilidade_UDC.pdf\" target=\"_blank\" rel=\"noopener noreferrer\">Regulamento mobilidade UDC<\/a><\/span><\/li>\n<li><span style=\"color: #0000ff;\"><a style=\"color: #0000ff;\" href=\"http:\/\/www.centrodelinguas.gal\/pag\/305\/caja-portada--informacion-para-a-mobilidade-internacional-con-fins-de-estudos\/\" target=\"_blank\" rel=\"noopener noreferrer\">Requisitos ling\u00fa\u00edsiticos UDC<\/a><\/span><\/li>\n<li><span style=\"color: #0000ff;\"><a style=\"color: #0000ff;\" href=\"http:\/\/etsa.udc.es\/web\/wp-content\/uploads\/2020\/03\/Recomendaci\u00f3ns-ao-estudante-ERASMUS.pdf\" target=\"_blank\" rel=\"noopener noreferrer\">Recomendaci\u00f3ns ao estudante ERASMUS<\/a><\/span><\/li>\n<li><span style=\"color: #0000ff;\"><a style=\"color: #0000ff;\" href=\"http:\/\/etsa.udc.es\/web\/wp-content\/uploads\/2020\/03\/Normativa-Xesti\u00f3n-Acad\u00e9mica_UDC.pdf\" target=\"_blank\" rel=\"noopener noreferrer\">Normativa de Xesti\u00f3n Acad\u00e9mica UDC<\/a><\/span><\/li>\n<li><span style=\"color: #0000ff;\"><a style=\"color: #0000ff;\" href=\"https:\/\/www.udc.es\/ori\/inf_estudiantes_UDC\/Formulariosespanoles\/index.html?language=gl\" target=\"_blank\" rel=\"noopener noreferrer\">Formularios de Mobilidade UDC<\/a><\/span><\/li>\n<li><a href=\"http:\/\/etsa.udc.es\/web\/wp-content\/uploads\/2023\/11\/Movilidad-seguros-y-modificaciones-de-matri\u0301cula.pdf\">Alg\u00fans consellos sobre seguros e modificaci\u00f3ns de matri\u0301cula no caso de bolseiros<\/a><\/li>\n<\/ul>\n<h5>Curso 2025-2026<\/h5>\n<ul>\n<li><a href=\"http:\/\/etsa.udc.es\/web\/wp-content\/uploads\/2025\/11\/Charlas-de-difusio\u0301n-ERASMUS_2025_octubre_modificado2.pdf\">Presentaci\u00f3n charla convocatoria de mobilidade internacional<\/a><\/li>\n<\/ul>\n<h3><strong><span style=\"color: #000000;\">MOBILIDADE SICUE<\/span><\/strong><\/h3>\n<ul>\n<li><span style=\"color: #000000;\"><span style=\"color: #0000ff;\"><a style=\"color: #0000ff;\" href=\"https:\/\/www.udc.es\/es\/ori\/inf_estudiantes_UDC\/mobilidade-nacional-sicue\/\">Programa Nacional de Movilidad SICUE na UDC<\/a><\/span><br \/>\n<\/span><\/li>\n<\/ul>\n<h3><strong><span style=\"color: #000000;\">INCOMING STUDENTS<br \/>\n<\/span><\/strong><\/h3>\n<ul>\n<li><span style=\"color: #0000ff;\"><a style=\"color: #0000ff;\" href=\"http:\/\/etsa.udc.es\/web\/wp-content\/uploads\/2020\/03\/ETSAC_Benvida.pdf\" target=\"_blank\" rel=\"noopener noreferrer\"><em>Welcome<\/em> | Benvida | Bienvenida<\/a><\/span><\/li>\n<\/ul>\n<p>&nbsp;<\/p>\n","protected":false},"excerpt":{"rendered":"<p>&nbsp; Contacto: mobilidade.etsac@udc.es MOBILIDADE INTERNACIONAL Manual de mobilidade da ETSAC Requisitos mobilidade ETSAC Documento de reco\u00f1emento ETSAC Oficina de Relaci\u00f3ns Internacionais (ORI) da UDC Regulamento mobilidade UDC Requisitos ling\u00fa\u00edsiticos UDC [&hellip;]<\/p>\n","protected":false},"author":11,"featured_media":0,"parent":420,"menu_order":4,"comment_status":"closed","ping_status":"closed","template":"","meta":[],"_links":{"self":[{"href":"https:\/\/etsa.udc.es\/web\/index.php?rest_route=\/wp\/v2\/pages\/428"}],"collection":[{"href":"https:\/\/etsa.udc.es\/web\/index.php?rest_route=\/wp\/v2\/pages"}],"about":[{"href":"https:\/\/etsa.udc.es\/web\/index.php?rest_route=\/wp\/v2\/types\/page"}],"author":[{"embeddable":true,"href":"https:\/\/etsa.udc.es\/web\/index.php?rest_route=\/wp\/v2\/users\/11"}],"replies":[{"embeddable":true,"href":"https:\/\/etsa.udc.es\/web\/index.php?rest_route=%2Fwp%2Fv2%2Fcomments&post=428"}],"version-history":[{"count":59,"href":"https:\/\/etsa.udc.es\/web\/index.php?rest_route=\/wp\/v2\/pages\/428\/revisions"}],"predecessor-version":[{"id":33893,"href":"https:\/\/etsa.udc.es\/web\/index.php?rest_route=\/wp\/v2\/pages\/428\/revisions\/33893"}],"up":[{"embeddable":true,"href":"https:\/\/etsa.udc.es\/web\/index.php?rest_route=\/wp\/v2\/pages\/420"}],"wp:attachment":[{"href":"https:\/\/etsa.udc.es\/web\/index.php?rest_route=%2Fwp%2Fv2%2Fmedia&parent=428"}],"curies":[{"name":"wp","href":"https:\/\/api.w.org\/{rel}","templated":true}]}}