{"id":416,"date":"2012-01-26T09:03:04","date_gmt":"2012-01-26T09:03:04","guid":{"rendered":"http:\/\/etsa.udc.es\/pEtsa\/?page_id=416"},"modified":"2020-07-30T08:24:07","modified_gmt":"2020-07-30T06:24:07","slug":"pdi-2","status":"publish","type":"page","link":"https:\/\/etsa.udc.es\/web\/?page_id=416","title":{"rendered":"Persoal"},"content":{"rendered":"<p><a href=\"https:\/\/www.udc.es\/gl\/centros_departamentos_servizos\/centros\/centro\/?codigo=630#tab_profesorado\" target=\"_blank\" rel=\"noopener noreferrer\">Enlace al listado de profesorado<\/a>.<br \/>\n<a href=\"https:\/\/www.udc.es\/gl\/centros_departamentos_servizos\/centros\/centro\/?codigo=630#tab_grupos\" target=\"_blank\" rel=\"noopener noreferrer\">Enlace al listado de grupos de investigaci\u00f3n<\/a>.<br \/>\n<a href=\"https:\/\/pdi.udc.es\/\" target=\"_blank\" rel=\"noopener noreferrer\">Enlace a la p\u00e1gina de b\u00fasqueda de PDI<\/a>.<\/p>\n","protected":false},"excerpt":{"rendered":"<p>Enlace al listado de profesorado. Enlace al listado de grupos de investigaci\u00f3n. Enlace a la p\u00e1gina de b\u00fasqueda de PDI.<\/p>\n","protected":false},"author":11,"featured_media":0,"parent":458,"menu_order":7,"comment_status":"open","ping_status":"closed","template":"pageSinComentarios.php","meta":[],"_links":{"self":[{"href":"https:\/\/etsa.udc.es\/web\/index.php?rest_route=\/wp\/v2\/pages\/416"}],"collection":[{"href":"https:\/\/etsa.udc.es\/web\/index.php?rest_route=\/wp\/v2\/pages"}],"about":[{"href":"https:\/\/etsa.udc.es\/web\/index.php?rest_route=\/wp\/v2\/types\/page"}],"author":[{"embeddable":true,"href":"https:\/\/etsa.udc.es\/web\/index.php?rest_route=\/wp\/v2\/users\/11"}],"replies":[{"embeddable":true,"href":"https:\/\/etsa.udc.es\/web\/index.php?rest_route=%2Fwp%2Fv2%2Fcomments&post=416"}],"version-history":[{"count":85,"href":"https:\/\/etsa.udc.es\/web\/index.php?rest_route=\/wp\/v2\/pages\/416\/revisions"}],"predecessor-version":[{"id":28975,"href":"https:\/\/etsa.udc.es\/web\/index.php?rest_route=\/wp\/v2\/pages\/416\/revisions\/28975"}],"up":[{"embeddable":true,"href":"https:\/\/etsa.udc.es\/web\/index.php?rest_route=\/wp\/v2\/pages\/458"}],"wp:attachment":[{"href":"https:\/\/etsa.udc.es\/web\/index.php?rest_route=%2Fwp%2Fv2%2Fmedia&parent=416"}],"curies":[{"name":"wp","href":"https:\/\/api.w.org\/{rel}","templated":true}]}}