{"id":411,"date":"2012-01-26T09:02:26","date_gmt":"2012-01-26T09:02:26","guid":{"rendered":"http:\/\/etsa.udc.es\/pEtsa\/?page_id=411"},"modified":"2025-10-25T18:30:53","modified_gmt":"2025-10-25T16:30:53","slug":"espacios-2","status":"publish","type":"page","link":"https:\/\/etsa.udc.es\/web\/?page_id=411","title":{"rendered":"Espazos"},"content":{"rendered":"<h3><\/h3>\n<h3><strong><img decoding=\"async\" loading=\"lazy\" class=\"alignnone wp-image-33930 \" src=\"http:\/\/etsa.udc.es\/web\/wp-content\/uploads\/2024\/03\/5tty-560x300.jpg\" alt=\"\" width=\"620\" height=\"332\" srcset=\"https:\/\/etsa.udc.es\/web\/wp-content\/uploads\/2024\/03\/5tty-560x300.jpg 560w, https:\/\/etsa.udc.es\/web\/wp-content\/uploads\/2024\/03\/5tty-180x96.jpg 180w, https:\/\/etsa.udc.es\/web\/wp-content\/uploads\/2024\/03\/5tty-768x411.jpg 768w, https:\/\/etsa.udc.es\/web\/wp-content\/uploads\/2024\/03\/5tty-1536x823.jpg 1536w, https:\/\/etsa.udc.es\/web\/wp-content\/uploads\/2024\/03\/5tty-2048x1097.jpg 2048w\" sizes=\"(max-width: 620px) 100vw, 620px\" \/><\/strong><\/h3>\n<h3><strong>Edificio da ETSAC<\/strong><\/h3>\n<p>Plantas en <a href=\"http:\/\/etsa.udc.es\/web\/wp-content\/uploads\/2012\/01\/20120322-Plantas-ETSAC.pdf\">PDF<\/a><\/p>\n<p><strong>Planta 5<\/strong><\/p>\n<ul>\n<li><a title=\"Laboratorio de Dese\u00f1o Asistido\" href=\"https:\/\/udcgal.sharepoint.com\/sites\/DIXITALETSAC\/SitePages\/500%20LDA.aspx\">Laboratorio de Dese\u00f1o Asistido<\/a><\/li>\n<\/ul>\n<p><strong>Planta 4<\/strong><\/p>\n<ul>\n<li>Aula gr\u00e1fica 4.I \u00abCarlos Meijide\u00bb<\/li>\n<li>Aula gr\u00e1fica 4.II \u00abAlfredo Alcal\u00e1\u00bb<\/li>\n<li>Aula gr\u00e1fica 4.III \u00abAlberto Noguerol\u00bb<\/li>\n<li>Aula gr\u00e1fica 4.IV \u00abAndr\u00e9s Fern\u00e1ndez-Albalat\u00bb<\/li>\n<li><a title=\"Biblioteca de materiais de construcci\u00f3n\" href=\"http:\/\/etsa.udc.es\/web\/?page_id=1230\">Biblioteca de materiais de construcci\u00f3n<\/a><\/li>\n<li>Aula do Grao en Paisaxe<\/li>\n<\/ul>\n<p><strong>Planta 2<\/strong><\/p>\n<ul>\n<li>Patio cuberto<\/li>\n<li>Aula 2.9 \u00abRosa Fern\u00e1ndez Esteller\u00bb<\/li>\n<li>Aula do M\u00e1ster en Rehabiltaci\u00f3n Arquitect\u00f3nica<\/li>\n<li>Galer\u00eda de escultura (Aulas 2.5 &#8211; 2.6 &#8211; 2.7)<\/li>\n<li><a title=\"Arquitectos sin fronteiras\" href=\"http:\/\/etsa.udc.es\/web\/?page_id=507\">Arquitectura sen fronteiras<\/a><\/li>\n<\/ul>\n<p><strong>Planta 1<\/strong><\/p>\n<ul>\n<li><a title=\"Bilbioteca\" href=\"http:\/\/etsa.udc.es\/web\/?page_id=647\">Biblioteca<\/a>\n<ul>\n<li>Legado Juan Luis Dalda (\u00abEspazo Dalda\u00bb)<\/li>\n<li>Legado Louis Rocah<\/li>\n<\/ul>\n<\/li>\n<\/ul>\n<p><strong>Planta 0<\/strong><\/p>\n<ul>\n<li>Direcci\u00f3n<\/li>\n<li>Administraci\u00f3n<\/li>\n<li>Conserxar\u00eda<\/li>\n<li>Secretar\u00eda<\/li>\n<li>Sala de xuntas<\/li>\n<li>Sal\u00f3n de actos \u00abAlejandro de la Sota\u00bb<\/li>\n<\/ul>\n<p><strong>Planta -1<\/strong><\/p>\n<ul>\n<li>Aula E-I \u00abMario Soto\u00bb<\/li>\n<li>Aula E-II \u00abXos\u00e9 Bar Boo\u00bb<\/li>\n<li>Aula E-III \u00abRafael Baltar\u00bb<\/li>\n<\/ul>\n<p><strong>Planta -2<\/strong><\/p>\n<ul>\n<li>Servizos de atenci\u00f3n ao estudante: Mobilidade e Bolsa de traballo<\/li>\n<li>Cafeter\u00eda e comedor<\/li>\n<li>Delegaci\u00f3n de estudantes<\/li>\n<li>Zona de estudio<\/li>\n<\/ul>\n<h3><strong><img decoding=\"async\" loading=\"lazy\" class=\"alignnone wp-image-33871 \" src=\"http:\/\/etsa.udc.es\/web\/wp-content\/uploads\/2024\/03\/dep01-517x300.jpg\" alt=\"\" width=\"620\" height=\"360\" srcset=\"https:\/\/etsa.udc.es\/web\/wp-content\/uploads\/2024\/03\/dep01-517x300.jpg 517w, https:\/\/etsa.udc.es\/web\/wp-content\/uploads\/2024\/03\/dep01-180x105.jpg 180w, https:\/\/etsa.udc.es\/web\/wp-content\/uploads\/2024\/03\/dep01-768x445.jpg 768w, https:\/\/etsa.udc.es\/web\/wp-content\/uploads\/2024\/03\/dep01-1536x890.jpg 1536w, https:\/\/etsa.udc.es\/web\/wp-content\/uploads\/2024\/03\/dep01-2048x1187.jpg 2048w\" sizes=\"(max-width: 620px) 100vw, 620px\" \/><\/strong><\/h3>\n<h3><strong>Edificio de departamentos<\/strong><\/h3>\n<p>Plantas en\u00a0 <a href=\"http:\/\/etsa.udc.es\/web\/wp-content\/uploads\/2012\/01\/Plantas-edificio-de-departamentos.pdf\">PDF<\/a><\/p>\n<p><strong>Planta 1<\/strong><\/p>\n<ul>\n<li>Departamento de Expresi\u00f3n Gr\u00e1fica Arquitect\u00f3nica<\/li>\n<li>Departamento de Construci\u00f3ns e Estruturas Arquitect\u00f3nicas, Civ\u00eds e Aeron\u00e1uticas (\u00c1rea de Mec\u00e1nica dos medios continuos e teor\u00eda de estruturas)<\/li>\n<li>Departamento de Matem\u00e1ticas<\/li>\n<\/ul>\n<p><strong>Planta 0<\/strong><\/p>\n<ul>\n<li>Departamento de Proxectos Arquitect\u00f3nicos, Urbanismo e Composici\u00f3n<\/li>\n<li>Sala de reuni\u00f3ns<\/li>\n<li>Aulas de M\u00e1ster e Postgrao<\/li>\n<li>Conserxar\u00eda<\/li>\n<\/ul>\n<p><strong>Planta -1<\/strong><\/p>\n<ul>\n<li>Departamento de Construci\u00f3ns e Estruturas Arquitect\u00f3nicas, Civ\u00eds e Aeron\u00e1uticas (\u00c1rea de Construci\u00f3ns arquitect\u00f3nicas)<\/li>\n<li>Sal\u00f3n de Graos<\/li>\n<li>Arquivo<\/li>\n<\/ul>\n<p><strong>Planta -2<\/strong><\/p>\n<ul>\n<li>Taller de Maquetas<\/li>\n<li><a href=\"http:\/\/etsa.udc.es\/ofabdaetsac\/web\/?p=35\">FABLAB<\/a><\/li>\n<\/ul>\n","protected":false},"excerpt":{"rendered":"<p>Edificio da ETSAC Plantas en PDF Planta 5 Laboratorio de Dese\u00f1o Asistido Planta 4 Aula gr\u00e1fica 4.I \u00abCarlos Meijide\u00bb Aula gr\u00e1fica 4.II \u00abAlfredo Alcal\u00e1\u00bb Aula gr\u00e1fica 4.III \u00abAlberto Noguerol\u00bb Aula [&hellip;]<\/p>\n","protected":false},"author":11,"featured_media":750,"parent":458,"menu_order":5,"comment_status":"closed","ping_status":"closed","template":"","meta":[],"_links":{"self":[{"href":"https:\/\/etsa.udc.es\/web\/index.php?rest_route=\/wp\/v2\/pages\/411"}],"collection":[{"href":"https:\/\/etsa.udc.es\/web\/index.php?rest_route=\/wp\/v2\/pages"}],"about":[{"href":"https:\/\/etsa.udc.es\/web\/index.php?rest_route=\/wp\/v2\/types\/page"}],"author":[{"embeddable":true,"href":"https:\/\/etsa.udc.es\/web\/index.php?rest_route=\/wp\/v2\/users\/11"}],"replies":[{"embeddable":true,"href":"https:\/\/etsa.udc.es\/web\/index.php?rest_route=%2Fwp%2Fv2%2Fcomments&post=411"}],"version-history":[{"count":65,"href":"https:\/\/etsa.udc.es\/web\/index.php?rest_route=\/wp\/v2\/pages\/411\/revisions"}],"predecessor-version":[{"id":36796,"href":"https:\/\/etsa.udc.es\/web\/index.php?rest_route=\/wp\/v2\/pages\/411\/revisions\/36796"}],"up":[{"embeddable":true,"href":"https:\/\/etsa.udc.es\/web\/index.php?rest_route=\/wp\/v2\/pages\/458"}],"wp:featuredmedia":[{"embeddable":true,"href":"https:\/\/etsa.udc.es\/web\/index.php?rest_route=\/wp\/v2\/media\/750"}],"wp:attachment":[{"href":"https:\/\/etsa.udc.es\/web\/index.php?rest_route=%2Fwp%2Fv2%2Fmedia&parent=411"}],"curies":[{"name":"wp","href":"https:\/\/api.w.org\/{rel}","templated":true}]}}