{"id":406,"date":"2012-01-26T09:01:31","date_gmt":"2012-01-26T09:01:31","guid":{"rendered":"http:\/\/etsa.udc.es\/pEtsa\/?page_id=406"},"modified":"2026-05-04T09:55:15","modified_gmt":"2026-05-04T07:55:15","slug":"gobierno-2","status":"publish","type":"page","link":"https:\/\/etsa.udc.es\/web\/?page_id=406","title":{"rendered":"Goberno"},"content":{"rendered":"<p><img decoding=\"async\" loading=\"lazy\" class=\"alignnone wp-image-33899 \" src=\"http:\/\/etsa.udc.es\/web\/wp-content\/uploads\/2024\/03\/ETSAC2983-121x105.png\" alt=\"\" width=\"200\" height=\"173\" srcset=\"https:\/\/etsa.udc.es\/web\/wp-content\/uploads\/2024\/03\/ETSAC2983-121x105.png 121w, https:\/\/etsa.udc.es\/web\/wp-content\/uploads\/2024\/03\/ETSAC2983-345x300.png 345w, https:\/\/etsa.udc.es\/web\/wp-content\/uploads\/2024\/03\/ETSAC2983.png 618w\" sizes=\"(max-width: 200px) 100vw, 200px\" \/><\/p>\n<p>Dacordo co disposto no<strong> <a href=\"http:\/\/etsa.udc.es\/web\/wp-content\/uploads\/2012\/01\/regulamento_gz.pdf\">Regulamento de R\u00e9xime Interno<\/a><\/strong>, aprobado polo Consello de Goberno da Universidade da Coru\u00f1a o 15 de maio de 2007, o goberno da Escola corresp\u00f3ndelle \u00e1 <strong>Xunta de Escola<\/strong> e a un\/unha director\/a que estar\u00e1 asistido nas s\u00faas funci\u00f3ns por un equipo de direcci\u00f3n formado polo\/a subdirector\/a-xefe\/a de estudos, outros\/as subdirectores\/as, se \u00e9 o caso, e o\/a secretario\/a.<\/p>\n<h3><span style=\"color: #000080;\">Equipo de direcci\u00f3n<\/span><\/h3>\n<p><strong>Director<\/strong><br \/>\nMiguel Abelleira Dold\u00e1n | direccion.etsac@udc.gal<\/p>\n<p><strong>Secretaria e Responsable de Calidade<\/strong><br \/>\nEstefan\u00eda L\u00f3pez Salas | secretaria.academica.etsac@udc.gal<\/p>\n<p><strong>Subdirector de Infraestruturas e Xefe de Estudos<\/strong><br \/>\nJos\u00e9 Manuel Berm\u00fadez Gra\u00ed\u00f1o | subdireccion.xefaturadeestudos.etsac@udc.gal<\/p>\n<p><strong>Subdirectora de Mobilidade e Relaci\u00f3ns Internacionais <\/strong><br \/>\nPatricia Alonso Alonso | subdireccion.rrii.etsac@udc.gal<\/p>\n<p><strong>Subdirector de Cultura<\/strong><br \/>\nRicardo S\u00e1nchez Lampreave | subdireccion.cultura.etsac@udc.gal<\/p>\n<hr \/>\n<h3><span style=\"color: #000080;\">Comisi\u00f3ns<br \/>\n<\/span><\/h3>\n<hr \/>\n<h4><span style=\"color: #003366;\">Comisi\u00f3n Permanente<\/span><\/h4>\n<p><em>\u00c9 unha comisi\u00f3n en que a Xunta de Escola delega as funci\u00f3ns que especifica o regulamento da Escola. Corresp\u00f3ndelle, entre outros labores, o nomeamento das restantes comisi\u00f3ns, propor a orde do d\u00eda da Xunta de Escola, informar do orzamento anual, elaborar a pol\u00edtica acad\u00e9mica do centro de acordo coas li\u00f1as aprobadas pola Xunta, e aprobar os calendarios de exames e os horarios de aulas.<\/em><\/p>\n<p><strong>Presidencia:<\/strong><br \/>\nAbelleira Dold\u00e1n, Miguel<br \/>\n<strong>Subdirecci\u00f3ns:<\/strong><br \/>\nBerm\u00fadez Gra\u00ed\u00f1o, Jos\u00e9 Manuel<br \/>\nAlonso Alonso, Patricia<br \/>\nS\u00e1nchez Lampreave, Ricardo<br \/>\n<strong>Secretariado:<\/strong><br \/>\nL\u00f3pez Salas, Estefan\u00eda<br \/>\n<strong>Dez membros do profesorado en representaci\u00f3n das \u00e1reas de co\u00f1ecemento:<br \/>\n<\/strong><em>Composici\u00f3n Arquitect\u00f3nica<\/em>: Agrasar Quiroga, Fernando<br \/>\n<em>Construci\u00f3ns Arquitect\u00f3nicas<\/em>: Antelo Tudela, Enrique; Garitaonaind\u00eda de Vera, Jos\u00e9 Ram\u00f3n<br \/>\n<em>Expresi\u00f3n Gr\u00e1fica Arquitect\u00f3nica<\/em>: Lizancos Mora, Pl\u00e1cido; L\u00f3pez Chao, Vicente<br \/>\n<em>Mec\u00e1nica de Medios Continuos e Teor\u00eda de Estruturas<\/em>: Mu\u00f1iz G\u00f3mez, Santiago<br \/>\n<em>Matem\u00e1tica Aplicada<\/em>: Rodr\u00edguez Seijo, Jos\u00e9 Manuel<br \/>\n<em>Proxectos Arquitect\u00f3nicos<\/em>: Crespo Gonz\u00e1lez, Crist\u00f3bal; Prieto L\u00f3pez, Juan Ignacio<br \/>\n<em>Urban\u00edstica e Ordenaci\u00f3n do Territorio<\/em>: Rodr\u00edguez \u00c1lvarez, Jorge<br \/>\n<strong>Sete representantes do alumnado:<\/strong><br \/>\nArca Rodr\u00edguez, Manuel<br \/>\nDuro Serantes, Dami\u00e1n<br \/>\nGarc\u00eda P\u00e9rez, \u00c1ngela<br \/>\nFreire Candame, Alba<br \/>\nGarc\u00eda Rivas, Jos\u00e9 Adri\u00e1n<br \/>\nS\u00e1nchez Garc\u00eda, Ana<br \/>\nV\u00e1zquez Abelenda, Noelia<br \/>\n<strong>Un representante do PTXAS:<\/strong><br \/>\n&#8211;<\/p>\n<hr \/>\n<h4><span style=\"color: #003366;\">Comisi\u00f3n Docente<\/span><\/h4>\n<p><em>\u00c9 a comisi\u00f3n responsable de coordinar e supervisar a metodolox\u00eda did\u00e1ctica e o rendemento dos docentes, estudar e informar das solicitudes de revisi\u00f3n de exame as\u00ed como coordinar e mais supervisar os asuntos e as actividades docentes do centro.<\/em><\/p>\n<p><strong>Director:<\/strong><br \/>\nAbelleira Dold\u00e1n, Miguel<br \/>\n<strong>Subdirecci\u00f3n e xefatura de estudos: <\/strong><br \/>\nBerm\u00fadez Gra\u00ed\u00f1o, Jos\u00e9 Manuel<br \/>\n<strong>Direcci\u00f3ns e\/ou coordinaci\u00f3ns das \u00e1reas:<\/strong><br \/>\n<em>Composici\u00f3n Arquitect\u00f3nica<\/em>: Agrasar Quiroga, Fernando<br \/>\n<em>Construci\u00f3ns Arquitect\u00f3nicas<\/em>: Antelo Tudela, Enrique<br \/>\n<em>Expresi\u00f3n Gr\u00e1fica Arquitect\u00f3nica<\/em>: Lizancos Mora, Pl\u00e1cido<br \/>\n<em>Matem\u00e1tica Aplicada<\/em>: Otero Pi\u00f1eiro, Mar\u00eda Victoria<br \/>\n<em>Mec\u00e1nica de Medios Continuos e Teor\u00eda de Estruturas<\/em>: Mu\u00f1iz G\u00f3mez, Santiago<br \/>\n<em>Proxectos Arquitect\u00f3nicos<\/em>: Prieto L\u00f3pez, Juan Ignacio<br \/>\n<em>Urban\u00edstica e Ordenaci\u00f3n do Territorio<\/em>: Rodr\u00edguez \u00c1lvarez, Jorge<br \/>\n<strong>Tres representantes do alumnado:<\/strong><br \/>\nAlfaro Ferreiro, Edgar Eduardo;\u00a0 Duro Serantes, Dami\u00e1n; V\u00e1zquez Abelenda, Noelia<br \/>\n<strong>Un representante do PTXAS:<\/strong><br \/>\nL\u00f3pez-Cort\u00f3n D\u00edaz, Beatriz<br \/>\n<strong>Secretariado:<\/strong><br \/>\nL\u00f3pez Salas, Estefan\u00eda<\/p>\n<hr \/>\n<h4><span style=\"color: #003366;\">Comisi\u00f3n Econ\u00f3mica<\/span><\/h4>\n<p><em>\u00c9 a encargada de velar polos asuntos econ\u00f3micos do centro, de investimentos e patrimoniais, de supervisar a xesti\u00f3n econ\u00f3mica, os estados das contas e a liquidaci\u00f3n anual, previamente \u00e1 s\u00faa aprobaci\u00f3n pola Comisi\u00f3n Permanente.<\/em><\/p>\n<p><strong>Direcci\u00f3n:<\/strong><br \/>\nAbelleira Dold\u00e1n, Miguel<br \/>\n<strong>Subdirecci\u00f3n e xefatura de estudos: <\/strong><br \/>\nBerm\u00fadez Gra\u00ed\u00f1o, Jos\u00e9 Manuel<br \/>\n<strong>Un membro do profesorado en representaci\u00f3n de cada \u00e1rea<\/strong><br \/>\n<em>Composici\u00f3n Arquitect\u00f3nica<\/em>: Louzao Mart\u00ednez, Xabier<br \/>\n<em>Construci\u00f3ns Arquitect\u00f3nicas<\/em>: Hermo S\u00e1nchez, V\u00edctor<br \/>\n<em>Expresi\u00f3n Gr\u00e1fica Arquitect\u00f3nica<\/em>: Pernas Alonso, In\u00e9s<br \/>\n<em>Matem\u00e1tica Aplicada<\/em>: Rodr\u00edguez Seijo, Jos\u00e9 Manuel<br \/>\n<em>Mec\u00e1nica de Medios Continuos e Teor\u00eda de Estruturas<\/em>: Mu\u00f1iz G\u00f3mez, Santiago<br \/>\n<em>Proxectos Arquitect\u00f3nicos<\/em>: Mesejo Conde, M\u00f3nica<br \/>\n<em>Urban\u00edstica e Ordenaci\u00f3n do Territorio<\/em>: Garc\u00eda Font\u00e1n, Cristina<br \/>\n<strong>Tres representantes do alumnado:<\/strong><br \/>\nAlfaro Ferreiro, Edgar Eduardo; &#8211;<br \/>\n<strong>Responsable de asuntos econ\u00f3micos:<\/strong><br \/>\nLeis Fraga, Juan<br \/>\n<strong>Secretariado:<\/strong><br \/>\nL\u00f3pez Salas, Estefan\u00eda<\/p>\n<hr \/>\n<h4><span style=\"color: #003366;\">Comisi\u00f3n de Cultura<\/span><\/h4>\n<p><em>\u00c9 a responsable da organizaci\u00f3n e da coordinaci\u00f3n das actividades culturais do centro.<\/em><\/p>\n<p><strong>Direcci\u00f3n:<\/strong><br \/>\nAbelleira Dold\u00e1n, Miguel<br \/>\n<strong>Un membro do profesorado en representaci\u00f3n de cada \u00e1rea:<\/strong><br \/>\n<em>Composici\u00f3n Arquitect\u00f3nica<\/em>: R\u00edo V\u00e1zquez, Antonio<br \/>\n<em>Construci\u00f3ns Arquitect\u00f3nicas<\/em>: Quint\u00e1ns Eiras, Carlos<br \/>\n<em>Expresi\u00f3n Gr\u00e1fica Arquitect\u00f3nica<\/em>: Lorenzo Dur\u00e1n, Margarita<br \/>\n<em>Matem\u00e1tica Aplicada<\/em>: Cu\u00e9llar Cerrillo, Nuria<br \/>\n<em>Mec\u00e1nica de Medios Continuos e Teor\u00eda de Estruturas<\/em>: L\u00f3pez C\u00e9sar, Isaac<br \/>\n<em>Proxectos Arquitect\u00f3nicos<\/em>: Rodr\u00edguez Blanco, Emilio<br \/>\n<em>Urban\u00edstica e Ordenaci\u00f3n do Territorio<\/em>: L\u00f3pez Gonz\u00e1lez, C\u00e1ndido Jaime<br \/>\n<strong>Tres representantes do alumnado:<\/strong><br \/>\nArca Rodr\u00edguez, Manuel; Rodr\u00edguez Caridad, Xo\u00e1n; S\u00e1nchez Garc\u00eda, Ana<br \/>\n<strong>Un representante do PTXAS:<\/strong><br \/>\nFern\u00e1ndez Janeiro, Cristina<\/p>\n<hr \/>\n<h4><span style=\"color: #003366;\">Comisi\u00f3n de Biblioteca<\/span><\/h4>\n<p><em>Ten como misi\u00f3n desenvolver a pol\u00edtica de adquisici\u00f3ns e o funcionamento da biblioteca do centro, as\u00ed como da mediateca, a videoteca, o arquivo hist\u00f3rico etc.<\/em><\/p>\n<p><strong>Direcci\u00f3n:<\/strong><br \/>\nAbelleira Dold\u00e1n, Miguel<br \/>\n<strong>Direcci\u00f3n da biblioteca:<\/strong><br \/>\nSanjuan Pedreira, Mar\u00eda Araceli<br \/>\n<strong>Un membro do profesorado en representaci\u00f3n de cada \u00e1rea:<\/strong><br \/>\n<em>Composici\u00f3n Arquitect\u00f3nica<\/em>: Paz Agras, Luz<br \/>\n<em>Construci\u00f3ns Arquitect\u00f3nicas<\/em>: Quint\u00e1ns Eiras, Carlos<br \/>\n<em>Expresi\u00f3n Gr\u00e1fica Arquitect\u00f3nica<\/em>: Fern\u00e1ndez-Gago Longueira, Paula<br \/>\n<em>Matem\u00e1tica Aplicada<\/em>: Cu\u00e9llar Cerrillo, Nuria<br \/>\n<em>Mec\u00e1nica de Medios Continuos e Teor\u00eda de Estruturas<\/em>: L\u00f3pez C\u00e9sar, Isaac<br \/>\n<em>Proxectos Arquitect\u00f3nicos<\/em>: L\u00f3pez Bah\u00fat, Emma<br \/>\n<em>Urban\u00edstica e Ordenaci\u00f3n do Territorio<\/em>: Gallego Picard, Pablo<br \/>\n<strong>Catro representantes do alumnado:<\/strong><br \/>\nArca Rodr\u00edguez, Manuel; -; Rodr\u00edguez Caridad, Xo\u00e1n; S\u00e1nchez Garc\u00eda, Ana<br \/>\n<strong>Un membro do PTXAS:<br \/>\n<\/strong>Carballal Gra\u00f1a, Susana<\/p>\n<hr \/>\n<h4><span style=\"color: #000080;\">Comisi\u00f3n de Validaci\u00f3ns<\/span><\/h4>\n<p><em>Enc\u00e1rgase de estudar as distintas solicitudes de validaci\u00f3n de estudos nacionais ou estranxeiros e de levar \u00e1 Reitor\u00eda a correspondente proposta de validaci\u00f3n.<\/em><\/p>\n<p><strong>Direcci\u00f3n:<\/strong><br \/>\nAbelleira Dold\u00e1n, Miguel<br \/>\n<strong>Subdirecci\u00f3n e xefatura de estudos: <\/strong><br \/>\nBerm\u00fadez Gra\u00ed\u00f1o, Jos\u00e9 Manuel<br \/>\n<strong>Un membro do profesorado en representaci\u00f3n de cada \u00e1rea:<\/strong><br \/>\n<em>Composici\u00f3n Arquitect\u00f3nica<\/em>: Caridad Gra\u00f1a, Juan Antonio<br \/>\n<em>Construci\u00f3ns Arquitect\u00f3nicas<\/em>: Fern\u00e1ndez Cobi\u00e1n, Esteban<br \/>\n<em>Expresi\u00f3n Gr\u00e1fica Arquitect\u00f3nica<\/em>: Pernas Alonso, In\u00e9s<br \/>\n<em>Matem\u00e1tica Aplicada<\/em>: Rodr\u00edguez Seijo, Jos\u00e9 Manuel<br \/>\n<em>Mec\u00e1nica de Medios Continuos e Teor\u00eda de Estructuras<\/em>: Mu\u00f1iz G\u00f3mez, Santiago<br \/>\n<em>Proxectos Arquitect\u00f3nicos<\/em>: Barge Ferreiros, Santiago<br \/>\n<em>Urban\u00edstica e Ordenaci\u00f3n do Territorio<\/em>: Rodr\u00edguez \u00c1lvarez, Jorge<br \/>\n<strong>Dous representantes do alumnado:<\/strong><br \/>\nAlfaro Ferreiro, Edgar Eduardo; S\u00e1nchez Garc\u00eda, Ana<br \/>\n<strong>Xefatura dos servizos administrativos:<\/strong><br \/>\nL\u00f3pez-Cort\u00f3n D\u00edaz, Beatriz<br \/>\n<strong>Secretariado:<br \/>\n<\/strong>L\u00f3pez Salas, Estefan\u00eda<\/p>\n<hr \/>\n<h4><span style=\"color: #003366;\">Comisi\u00f3n de Normalizaci\u00f3n Ling\u00fc\u00edstica<\/span><\/h4>\n<p><em>Ten como finalidade a de incentivar o emprego do galego en distintos \u00e1mbitos da vida universitaria: traballos de investigaci\u00f3n, docencia, actividades de dinamizaci\u00f3n\u2026<\/em><\/p>\n<p><strong>Coordinaci\u00f3n:<\/strong><br \/>\nV\u00e1zquez Mosquera, Xos\u00e9 Manuel<br \/>\n<strong>Representante do PDI:<\/strong><br \/>\nGarc\u00eda Requejo, Zaida<br \/>\n<strong>Representante do PTXAS:<\/strong><br \/>\nCarballal Gra\u00f1a, Susana<br \/>\n<strong>Representante do alumnado:<\/strong><br \/>\nS\u00e1nchez Garc\u00eda, Ana<\/p>\n<hr \/>\n<h4><span style=\"color: #003366;\">Comisi\u00f3n de Calidade<\/span><\/h4>\n<p><strong>Direcci\u00f3n (Presidencia):<\/strong><br \/>\nAbelleira Dold\u00e1n, Miguel<br \/>\n<strong>Secretariado e responsable de calidade da ETSAC (Vicepresidenta):<\/strong><br \/>\nL\u00f3pez Salas, Estefan\u00eda<br \/>\n<strong>Responsable das titulaci\u00f3ns de Grao en Arquitectura e Grao en Estudos de Arquitectura:<\/strong><br \/>\nBerm\u00fadez Gra\u00ed\u00f1o, Jos\u00e9 Manuel<br \/>\n<strong>Responsable do Grado en Paisaxe:<\/strong><br \/>\nCaridad Gra\u00f1a, Juan<br \/>\n<strong>Coordinador\/a do Mestrado en Arquitectura:<br \/>\n<\/strong>Prieto L\u00f3pez, Juan Ignacio<br \/>\n<strong>Coordinador\/a do Mestrado de Rehabilitaci\u00f3n Arquitect\u00f3nica:<\/strong><br \/>\nPaz Agras, Luz<br \/>\n<strong>Coordinador\/a do Mestrado en Desaf\u00edo das Cidades:<br \/>\n<\/strong>V\u00e1zquez Mosquera, Xos\u00e9 Manuel<br \/>\n<strong>Dous representantes do PDI:<\/strong><br \/>\nCastro Garc\u00eda, \u00d3scar; Rodr\u00edguez \u00c1lvarez, Jorge<br \/>\n<strong>Dous representantes do alumnado:<\/strong><br \/>\nDuro Serantes, Dami\u00e1n; V\u00e1zquez Abelenda, Noelia<br \/>\n<strong>Un representante do PTXAS:<br \/>\n<\/strong>&#8211;<\/p>\n<hr \/>\n<h4><span style=\"color: #003366;\">Tribunal de Avaliaci\u00f3n por Compensaci\u00f3n<\/span><\/h4>\n<p><strong>Direcci\u00f3n:<\/strong><br \/>\nAbelleira Dold\u00e1n, Miguel<br \/>\n<strong>Suplencia:<\/strong><br \/>\nS\u00e1nchez Lampreave, Ricardo<br \/>\n<strong>Secretariado:<\/strong><br \/>\nL\u00f3pez Salas, Estefan\u00eda<br \/>\n<strong>Suplencia 1:<\/strong><br \/>\nV\u00e1zquez Rodr\u00edguez, Jos\u00e9 Antonio<br \/>\n<strong>Suplencia 2:<\/strong><br \/>\nOtero Pi\u00f1eiro, Mar\u00eda Victoria<br \/>\n<strong>Actuar\u00e1n no caso de titulaci\u00f3ns de Grao ou Mestrado os seus coordinadores\/as:<\/strong><br \/>\nCoordinador\/a do Grao en Estudos de Arquitectura:<br \/>\nBerm\u00fadez Gra\u00ed\u00f1o, Jos\u00e9 Manuel<br \/>\nCoordinador\/a Mestrado en Arquitectura:<br \/>\nPrieto L\u00f3pez, Juan Ignacio<br \/>\nCoordinador\/a Mestrado en Arquitectura da Paisaxe:<br \/>\nCaridad Gra\u00f1a, Juan<br \/>\nCoordinador\/a Mestrado en Rehabilitaci\u00f3n Arquitect\u00f3nica:<br \/>\nPaz Agras, Luz<br \/>\nCoordinador\/a Mestrado en Desaf\u00edo das Cidades:<br \/>\nV\u00e1zquez Mosquera, Xos\u00e9 Manuel<br \/>\n<strong>Tres vogais do profesorado:<\/strong><br \/>\nTitulares: Pernas Alonso, In\u00e9s; Gallego Picard, Pablo; Fern\u00e1ndez Albalat Ruiz, Andr\u00e9s<br \/>\nSuplentes: Mu\u00f1iz N\u00fa\u00f1ez, Patricia; <span data-olk-copy-source=\"MessageBody\">Seoane Gonz\u00e1lez, Jos\u00e9 Carlos<\/span>; Arag\u00f3n Fitera, Jorge<br \/>\n<strong>Un vogal PTXAS:<\/strong><br \/>\nTitular: Fern\u00e1ndez Janeiro, Cristina. Suplente: &#8211;<br \/>\n<strong>Un\u00a0 vogal do alumnado por cada nivel de estudos:<\/strong><br \/>\n<em>Grao<\/em><br \/>\nTitular: Arca Rodr\u00edguez, Manuel. Suplente: &#8211;<br \/>\n<em>Mestrado<\/em><br \/>\nTitular: -. Suplente: &#8211;<\/p>\n<hr \/>\n<h4><span style=\"color: #003366;\">Comisi\u00f3n Acad\u00e9mica do Mestrado Universitario en Arquitectura<\/span><\/h4>\n<p><strong>Direcci\u00f3n (Presidencia):<\/strong><br \/>\nAbelleira Dold\u00e1n, Miguel<br \/>\n<strong>Coordinador\/a do t\u00edtulo (Vicepresidencia):<\/strong><br \/>\nPrieto L\u00f3pez, Juan Ignacio<br \/>\n<strong>Subdireci\u00f3n xefatura de estudos (Vogal):<\/strong><br \/>\nBerm\u00fadez Gra\u00ed\u00f1o, Jos\u00e9 Manuel<br \/>\n<strong>Vogais das \u00e1reas de co\u00f1ecemento:<\/strong><br \/>\n<em>Composici\u00f3n Arquitect\u00f3nica<\/em><br \/>\nTitular: Agrasar Quiroga, Fernando. Suplente: Blanco Lorenzo, Enrique<br \/>\n<em>Construci\u00f3ns Arquitect\u00f3nicas<\/em><br \/>\nTitular: Quint\u00e1ns Eiras, Carlos. Suplente: Antelo Tudela, Enrique<br \/>\n<em>Mec\u00e1nica de Medios Continuos e Teor\u00eda de Estructuras<\/em><br \/>\nTitular: Mu\u00f1iz G\u00f3mez, Santiago. Suplente: Su\u00e1rez Riestra, F\u00e9lix<br \/>\n<em>Proxectos Arquitect\u00f3nicos<\/em><br \/>\nTitular: Crespo Gonz\u00e1lez, Crist\u00f3bal. Suplente: Fern\u00e1ndez-Albalat Ruiz, Andr\u00e9s<br \/>\n<em>Urbanismo e Ordenaci\u00f3n do Territorio<\/em><br \/>\nTitular: Rodr\u00edguez \u00c1lvarez, Jorge. Suplente: L\u00f3pez Gonz\u00e1lez, C\u00e1ndido Jaime<br \/>\n<strong>Representantes do alumnado:<\/strong><br \/>\n-; V\u00e1zquez Abelenda, Noelia.<br \/>\n<strong>Xefatura da administracci\u00f3n da ETSAC:<\/strong><br \/>\nL\u00f3pez-Cort\u00f3n D\u00edaz, Beatriz<br \/>\n<strong>Secretariado:<\/strong><br \/>\nL\u00f3pez Salas, Estefan\u00eda<\/p>\n<hr \/>\n<h4><span style=\"color: #003366;\">Comisi\u00f3n Acad\u00e9mica do Mestrado Universitario en Rehabilitaci\u00f3n Arquitect\u00f3nica<\/span><\/h4>\n<p><strong>Direcci\u00f3n (Presidencia):<\/strong><br \/>\nAbelleira Dold\u00e1n, Miguel<br \/>\n<strong>Coordinador\/a do t\u00edtulo (Vicepresidencia):<\/strong><br \/>\nPaz Agras, Luz<br \/>\n<strong>Subdireci\u00f3n xefatura de estudos (Vogal):<\/strong><br \/>\nBerm\u00fadez Gra\u00ed\u00f1o, Jos\u00e9 Manuel<br \/>\n<strong>Vogais das \u00e1reas de co\u00f1ecemento:<\/strong><br \/>\n<em>Composici\u00f3n Arquitect\u00f3nica<\/em><br \/>\nTitular: R\u00edo V\u00e1zquez, Antonio S. Suplente: Louzao Mart\u00ednez, Xabier<br \/>\n<em>Construci\u00f3ns Arquitect\u00f3nicas<\/em><br \/>\nTitular: Garitaonaind\u00eda de Vera, Jos\u00e9 Ram\u00f3n. Suplente: Antelo Tudela, Enrique<br \/>\n<em>Mec\u00e1nica de Medios Continuos e Teor\u00eda de Estructuras<\/em><br \/>\nTitular: Mu\u00f1iz G\u00f3mez, Santiago. Suplente: Su\u00e1rez Riestra, F\u00e9lix<br \/>\n<em>Expresi\u00f3n Gr\u00e1fica Arquitect\u00f3nica<\/em><br \/>\nTitular: L\u00f3pez Chao, Vicente. Suplente: Lizancos Mora, Pl\u00e1cido<br \/>\n<strong>Representante do alumnado:<\/strong><br \/>\nV\u00e1zquez Abelenda, Noelia<br \/>\n<strong>Xefatura da administracci\u00f3n da ETSAC:<\/strong><br \/>\nL\u00f3pez-Cort\u00f3n D\u00edaz, Beatriz<br \/>\n<strong>Secretariado:<\/strong><br \/>\nL\u00f3pez Salas, Estefan\u00eda<\/p>\n<hr \/>\n<h4><span style=\"color: #003366;\">Comisi\u00f3n de Coordinaci\u00f3n Interuniversitaria do Grao en Paisaxe (CCIGP)<\/span><\/h4>\n<p><strong>Director\/a da ETSAC (UDC):<\/strong><br \/>\nAbelleira Dold\u00e1n, Miguel<br \/>\n<strong>Coordinador\/a do t\u00edtulo (UDC):<\/strong><br \/>\nCaridad Gra\u00f1a, Juan<br \/>\n<strong>Coordinador\/a do t\u00edtulo (USC):<\/strong><br \/>\nIglesias D\u00edaz, Isabel<br \/>\n<strong>Director\/a da EPS de Enxe\u00f1ar\u00eda (USC):<\/strong><br \/>\nRomero Franco, Rosa<br \/>\n<strong>Subdirecci\u00f3n de Calidade da EPS de Ense\u00f1ar\u00eda (USC):<\/strong><br \/>\nNu\u00f1ez Temes, Carlos<br \/>\n<strong>Responsable de Calidade da ETSAC (UDC):<\/strong><br \/>\nL\u00f3pez Salas, Estefan\u00eda<\/p>\n<hr \/>\n<h4><span style=\"color: #003366;\">Comisi\u00f3n Acad\u00e9mica do Grao en Paisaxe<\/span><\/h4>\n<p><strong>Direcci\u00f3n ETSAC (Presidencia):<\/strong><br \/>\nAbelleira Dold\u00e1n, Miguel<br \/>\n<strong>Coordinador\/a do t\u00edtulo:<\/strong><br \/>\nCaridad Gra\u00f1a, Juan<br \/>\n<strong>Subdirecci\u00f3n xefatura de estudos:<\/strong><br \/>\nBerm\u00fadez Gra\u00ed\u00f1o, Jos\u00e9 Manuel<br \/>\n<strong>Responsable de Calidade da ETSAC:<\/strong><br \/>\nL\u00f3pez Salas, Estefan\u00eda<br \/>\n<strong>PDI da titulaci\u00f3n en representaci\u00f3n das \u00e1reas implicadas:<\/strong><br \/>\n<em>Expresi\u00f3n Gr\u00e1fica Arquitect\u00f3nica<\/em><br \/>\nLizancos Mora, Pl\u00e1cido<br \/>\n<em>Matem\u00e1ticas<\/em><br \/>\nCu\u00e9llar Cerrillo, Nuria<br \/>\n<em>Construcciones Arquitect\u00f3nicas<\/em><br \/>\nRedondo Porto, Alberto<br \/>\n<em>Mec\u00e1nica de Medios Continuos e Teor\u00eda de Estructuras<\/em><br \/>\nArag\u00f3n Fitera, Jorge<br \/>\n<em>Composici\u00f3n Arquitect\u00f3nica<\/em><br \/>\nP\u00e9rez S\u00e1nchez, Yolanda<br \/>\n<em>Proxectos Arquitect\u00f3nicos<\/em><br \/>\nRodr\u00edguez Blanco, Emilio<br \/>\n<em>Urban\u00edstica e Ordenaci\u00f3n do Territorio<\/em><br \/>\nRodr\u00edguez \u00c1lvarez, Jorge<br \/>\n<strong>Representante do PTXAS:<\/strong><br \/>\nL\u00f3pez-Cort\u00f3n D\u00edaz, Beatriz<br \/>\n<strong>Representantes do alumnado:<\/strong><br \/>\n-; &#8211;<\/p>\n<hr \/>\n<h4><span style=\"color: #003366;\">Comisi\u00f3n de Igualdade<\/span><\/h4>\n<p><strong>Direcci\u00f3n ETSAC (Presidencia):<\/strong><br \/>\nAbelleira Dold\u00e1n, Miguel<br \/>\n<strong>Subdirecci\u00f3n xefatura de estudos:<\/strong><br \/>\nBerm\u00fadez Gra\u00ed\u00f1o, Jos\u00e9 Manuel<br \/>\n<strong>Secretaria:<\/strong><br \/>\nL\u00f3pez Salas, Estefan\u00eda<br \/>\n<strong>Representante OIX na ETSAC:<\/strong><br \/>\nOtero Pi\u00f1eiro, Mar\u00eda Victoria<br \/>\n<strong>Representante Grupo Igualdade:<\/strong><br \/>\nCu\u00e9llar Cerrillo, Nuria A.<br \/>\n<strong>PDI da titulaci\u00f3n en representaci\u00f3n das \u00e1reas implicadas:<\/strong><br \/>\n<em>Expresi\u00f3n Gr\u00e1fica Arquitect\u00f3nica<\/em><br \/>\nLorenzo Dur\u00e1n, Margarita<br \/>\n<em>Matem\u00e1ticas<\/em><br \/>\nCu\u00e9llar Cerrillo, Nuria<br \/>\n<em>Construcciones Arquitect\u00f3nicas<\/em><br \/>\nLi\u00f1ares M\u00e9ndez, Patricia<br \/>\n<em>Mec\u00e1nica de Medios Continuos e Teor\u00eda de Estructuras<\/em><br \/>\nMu\u00f1oz Vidal, Manuel<br \/>\n<em>Composici\u00f3n Arquitect\u00f3nica<\/em><br \/>\nMu\u00f1iz N\u00fa\u00f1ez, Patricia<br \/>\n<em>Proxectos Arquitect\u00f3nicos<\/em><br \/>\nMesejo Conde, M\u00f3nica<br \/>\n<em>Urban\u00edstica e Ordenaci\u00f3n do Territorio<\/em><br \/>\nV\u00e1zquez Mosquera, Xos\u00e9 Manuel<br \/>\n<strong>Representantes do alumnado GEA:<\/strong><br \/>\n-; S\u00e1nchez Garc\u00eda, Ana<br \/>\n<strong>Representantes do alumnado GP:<\/strong><br \/>\n&#8211;<br \/>\n<strong>Representantes do alumnado MUA:<\/strong><br \/>\nV\u00e1zquez Abelenda, Noelia<br \/>\n<strong>Representantes do alumnado MURA:<\/strong><br \/>\n&#8211;<br \/>\n<strong>Representante do PTXAS:<\/strong><br \/>\n&#8211;<\/p>\n","protected":false},"excerpt":{"rendered":"<p>Dacordo co disposto no Regulamento de R\u00e9xime Interno, aprobado polo Consello de Goberno da Universidade da Coru\u00f1a o 15 de maio de 2007, o goberno da Escola corresp\u00f3ndelle \u00e1 Xunta [&hellip;]<\/p>\n","protected":false},"author":11,"featured_media":0,"parent":458,"menu_order":3,"comment_status":"closed","ping_status":"closed","template":"","meta":[],"_links":{"self":[{"href":"https:\/\/etsa.udc.es\/web\/index.php?rest_route=\/wp\/v2\/pages\/406"}],"collection":[{"href":"https:\/\/etsa.udc.es\/web\/index.php?rest_route=\/wp\/v2\/pages"}],"about":[{"href":"https:\/\/etsa.udc.es\/web\/index.php?rest_route=\/wp\/v2\/types\/page"}],"author":[{"embeddable":true,"href":"https:\/\/etsa.udc.es\/web\/index.php?rest_route=\/wp\/v2\/users\/11"}],"replies":[{"embeddable":true,"href":"https:\/\/etsa.udc.es\/web\/index.php?rest_route=%2Fwp%2Fv2%2Fcomments&post=406"}],"version-history":[{"count":313,"href":"https:\/\/etsa.udc.es\/web\/index.php?rest_route=\/wp\/v2\/pages\/406\/revisions"}],"predecessor-version":[{"id":37503,"href":"https:\/\/etsa.udc.es\/web\/index.php?rest_route=\/wp\/v2\/pages\/406\/revisions\/37503"}],"up":[{"embeddable":true,"href":"https:\/\/etsa.udc.es\/web\/index.php?rest_route=\/wp\/v2\/pages\/458"}],"wp:attachment":[{"href":"https:\/\/etsa.udc.es\/web\/index.php?rest_route=%2Fwp%2Fv2%2Fmedia&parent=406"}],"curies":[{"name":"wp","href":"https:\/\/api.w.org\/{rel}","templated":true}]}}