{"id":33907,"date":"2024-03-13T01:08:38","date_gmt":"2024-03-13T00:08:38","guid":{"rendered":"https:\/\/etsa.udc.es\/web\/?page_id=33907"},"modified":"2026-02-08T23:25:15","modified_gmt":"2026-02-08T22:25:15","slug":"comunicacion","status":"publish","type":"page","link":"https:\/\/etsa.udc.es\/web\/?page_id=33907","title":{"rendered":"Comunicaci\u00f3n"},"content":{"rendered":"<p>&nbsp;<\/p>\n<p><strong>Correo electr\u00f3nico:<\/strong> comunicacion.etsac@udc.gal<\/p>\n<p><strong>Imaxe corporativa:<\/strong><\/p>\n<ul>\n<li><a href=\"http:\/\/etsa.udc.es\/web\/wp-content\/uploads\/2026\/02\/ImaxeCorporativaETSAC2026.pdf\">Descargar imaxe corporativa en formato PDF<\/a><\/li>\n<\/ul>\n<p><strong>P\u00e1xinas de comunicaci\u00f3n para pantallas:<\/strong><\/p>\n<ul>\n<li><a href=\"https:\/\/etsa.udc.es\/web\/?page_id=34215\">Comunicaci\u00f3n ETSAC Xeral<\/a><\/li>\n<li><a href=\"https:\/\/etsa.udc.es\/web\/?page_id=34328\">Grado en Paisaxe<\/a><\/li>\n<li><a href=\"https:\/\/etsa.udc.es\/web\/?page_id=34485\">Eventos temporais<\/a><\/li>\n<\/ul>\n<p><strong>A ETSAC en redes:<\/strong><\/p>\n<ul>\n<li><a href=\"https:\/\/www.instagram.com\/etsac.udc\/\">Instagram<\/a><\/li>\n<li><a href=\"https:\/\/twitter.com\/etsac_udc\">Facebook<\/a><\/li>\n<li><a href=\"https:\/\/www.threads.net\/@etsac.udc\">Threads<\/a><\/li>\n<li><a href=\"https:\/\/bsky.app\/profile\/etsac-udc.bsky.social\">Bluesky<\/a><\/li>\n<\/ul>\n","protected":false},"excerpt":{"rendered":"<p>&nbsp; Correo electr\u00f3nico: comunicacion.etsac@udc.gal Imaxe corporativa: Descargar imaxe corporativa en formato PDF P\u00e1xinas de comunicaci\u00f3n para pantallas: Comunicaci\u00f3n ETSAC Xeral Grado en Paisaxe Eventos temporais A ETSAC en redes: Instagram [&hellip;]<\/p>\n","protected":false},"author":252,"featured_media":0,"parent":0,"menu_order":0,"comment_status":"closed","ping_status":"closed","template":"","meta":[],"_links":{"self":[{"href":"https:\/\/etsa.udc.es\/web\/index.php?rest_route=\/wp\/v2\/pages\/33907"}],"collection":[{"href":"https:\/\/etsa.udc.es\/web\/index.php?rest_route=\/wp\/v2\/pages"}],"about":[{"href":"https:\/\/etsa.udc.es\/web\/index.php?rest_route=\/wp\/v2\/types\/page"}],"author":[{"embeddable":true,"href":"https:\/\/etsa.udc.es\/web\/index.php?rest_route=\/wp\/v2\/users\/252"}],"replies":[{"embeddable":true,"href":"https:\/\/etsa.udc.es\/web\/index.php?rest_route=%2Fwp%2Fv2%2Fcomments&post=33907"}],"version-history":[{"count":16,"href":"https:\/\/etsa.udc.es\/web\/index.php?rest_route=\/wp\/v2\/pages\/33907\/revisions"}],"predecessor-version":[{"id":37153,"href":"https:\/\/etsa.udc.es\/web\/index.php?rest_route=\/wp\/v2\/pages\/33907\/revisions\/37153"}],"wp:attachment":[{"href":"https:\/\/etsa.udc.es\/web\/index.php?rest_route=%2Fwp%2Fv2%2Fmedia&parent=33907"}],"curies":[{"name":"wp","href":"https:\/\/api.w.org\/{rel}","templated":true}]}}