{"id":33674,"date":"2024-03-03T23:11:28","date_gmt":"2024-03-03T22:11:28","guid":{"rendered":"https:\/\/etsa.udc.es\/web\/?page_id=33674"},"modified":"2024-03-12T00:14:46","modified_gmt":"2024-03-11T23:14:46","slug":"papeis-etsac","status":"publish","type":"page","link":"https:\/\/etsa.udc.es\/web\/?page_id=33674","title":{"rendered":"Papeis ETSAC"},"content":{"rendered":"<p><img decoding=\"async\" loading=\"lazy\" class=\"alignnone wp-image-33879 size-large\" src=\"http:\/\/etsa.udc.es\/web\/wp-content\/uploads\/2024\/03\/Papeis-620x279.png\" alt=\"\" width=\"620\" height=\"279\" srcset=\"https:\/\/etsa.udc.es\/web\/wp-content\/uploads\/2024\/03\/Papeis-620x279.png 620w, https:\/\/etsa.udc.es\/web\/wp-content\/uploads\/2024\/03\/Papeis-180x81.png 180w, https:\/\/etsa.udc.es\/web\/wp-content\/uploads\/2024\/03\/Papeis-768x345.png 768w, https:\/\/etsa.udc.es\/web\/wp-content\/uploads\/2024\/03\/Papeis-1536x690.png 1536w, https:\/\/etsa.udc.es\/web\/wp-content\/uploads\/2024\/03\/Papeis.png 2000w\" sizes=\"(max-width: 620px) 100vw, 620px\" \/><\/p>\n<p><a href=\"http:\/\/etsa.udc.es\/web\/wp-content\/uploads\/2021\/04\/Albalat.pdf\">20.01 <strong>La Ciudad de las R\u00edas. 1968. Andr\u00e9s Fern\u00e1ndez-Albalat Lois<\/strong><\/a><\/p>\n<p><a href=\"http:\/\/etsa.udc.es\/web\/wp-content\/uploads\/2021\/04\/JulioCano.pdf\">20.02 <strong>Julio Cano Lasso. Tres obras en Galicia<\/strong><\/a><\/p>\n<p><a href=\"http:\/\/etsa.udc.es\/web\/wp-content\/uploads\/2021\/04\/Reixa.pdf\">20.03 <strong>Coia, pol\u00edgono das Bermudas. Ant\u00f3n Reixa<\/strong><\/a><\/p>\n","protected":false},"excerpt":{"rendered":"<p>20.01 La Ciudad de las R\u00edas. 1968. Andr\u00e9s Fern\u00e1ndez-Albalat Lois 20.02 Julio Cano Lasso. Tres obras en Galicia 20.03 Coia, pol\u00edgono das Bermudas. Ant\u00f3n Reixa<\/p>\n","protected":false},"author":252,"featured_media":0,"parent":523,"menu_order":0,"comment_status":"closed","ping_status":"closed","template":"","meta":[],"_links":{"self":[{"href":"https:\/\/etsa.udc.es\/web\/index.php?rest_route=\/wp\/v2\/pages\/33674"}],"collection":[{"href":"https:\/\/etsa.udc.es\/web\/index.php?rest_route=\/wp\/v2\/pages"}],"about":[{"href":"https:\/\/etsa.udc.es\/web\/index.php?rest_route=\/wp\/v2\/types\/page"}],"author":[{"embeddable":true,"href":"https:\/\/etsa.udc.es\/web\/index.php?rest_route=\/wp\/v2\/users\/252"}],"replies":[{"embeddable":true,"href":"https:\/\/etsa.udc.es\/web\/index.php?rest_route=%2Fwp%2Fv2%2Fcomments&post=33674"}],"version-history":[{"count":6,"href":"https:\/\/etsa.udc.es\/web\/index.php?rest_route=\/wp\/v2\/pages\/33674\/revisions"}],"predecessor-version":[{"id":33880,"href":"https:\/\/etsa.udc.es\/web\/index.php?rest_route=\/wp\/v2\/pages\/33674\/revisions\/33880"}],"up":[{"embeddable":true,"href":"https:\/\/etsa.udc.es\/web\/index.php?rest_route=\/wp\/v2\/pages\/523"}],"wp:attachment":[{"href":"https:\/\/etsa.udc.es\/web\/index.php?rest_route=%2Fwp%2Fv2%2Fmedia&parent=33674"}],"curies":[{"name":"wp","href":"https:\/\/api.w.org\/{rel}","templated":true}]}}