{"id":33318,"date":"2024-01-16T19:18:30","date_gmt":"2024-01-16T18:18:30","guid":{"rendered":"http:\/\/etsa.udc.es\/web\/?page_id=33318"},"modified":"2025-01-05T17:17:27","modified_gmt":"2025-01-05T16:17:27","slug":"sistema-de-garantia-de-calidad-manual-y-procesos","status":"publish","type":"page","link":"https:\/\/etsa.udc.es\/web\/?page_id=33318","title":{"rendered":"SGC: manual y procesos"},"content":{"rendered":"<p><a href=\"http:\/\/etsa.udc.es\/web\/wp-content\/uploads\/2020\/11\/logo_calidad.jpg\"><img decoding=\"async\" loading=\"lazy\" class=\"alignnone size-full wp-image-35649\" src=\"http:\/\/etsa.udc.es\/web\/wp-content\/uploads\/2025\/01\/logo_calidade_etsac.jpg\" alt=\"\" width=\"588\" height=\"115\" srcset=\"https:\/\/etsa.udc.es\/web\/wp-content\/uploads\/2025\/01\/logo_calidade_etsac.jpg 588w, https:\/\/etsa.udc.es\/web\/wp-content\/uploads\/2025\/01\/logo_calidade_etsac-180x35.jpg 180w\" sizes=\"(max-width: 588px) 100vw, 588px\" \/><\/a><\/p>\n<p>Aqu\u00ed se recoge la documentaci\u00f3n del Sistema de Garant\u00eda de Calidad (SGC) de la ETSAC que est\u00e1 compuesta por el manual y los procesos. El manual incluye: la relaci\u00f3n de evidencias e indicadores de cada uno de los procesos del SGC, la definici\u00f3n de los indicadores, la plantilla del acta, la plantilla de acci\u00f3n de mejora y la normativa y documentaci\u00f3n de referencia que afecta al SGC del centro. Los 14 procesos dan respuesta a los est\u00e1ndares de<br \/>\ncalidad, a las directrices del Programa FIDES-AUDIT y a los criterios de seguimiento y acreditaci\u00f3n de los t\u00edtulos oficiales de la ACSUG.<\/p>\n<p><span style=\"color: #339966;\"><strong>Manual<\/strong><\/span><\/p>\n<p><a href=\"http:\/\/etsa.udc.es\/web\/wp-content\/uploads\/2024\/01\/Manual-Sistema-Garantia-Calidad_ETSAC-1.pdf\">Manual del Sistema Garant\u00eda de Calidad ETSAC<\/a><\/p>\n<p><span style=\"color: #339966;\"><strong>Procesos<\/strong><\/span><\/p>\n<p><a href=\"http:\/\/etsa.udc.es\/web\/wp-content\/uploads\/2024\/01\/D01-P01_Calidad.pdf\">D01-P01 Calidad<\/a><\/p>\n<p><a href=\"http:\/\/etsa.udc.es\/web\/wp-content\/uploads\/2024\/01\/D01-P02_SGC.pdf\">D01-P02 SGC<\/a><\/p>\n<p><a href=\"http:\/\/etsa.udc.es\/web\/wp-content\/uploads\/2024\/01\/D02-P01_Titulos.pdf\">D02-P01 T\u00edtulos<\/a><\/p>\n<p><a href=\"http:\/\/etsa.udc.es\/web\/wp-content\/uploads\/2024\/01\/D03-P01_Ingreso.pdf\">D03-P01 Ingreso<\/a><\/p>\n<p><a href=\"http:\/\/etsa.udc.es\/web\/wp-content\/uploads\/2024\/01\/D03-P02_Ensenanzas.pdf\">D03-P02 Ense\u00f1anzas<\/a><\/p>\n<p><a href=\"http:\/\/etsa.udc.es\/web\/wp-content\/uploads\/2024\/01\/D03-P03_Apoyo-Alumnado.pdf\">D03-P03 Apoyo Alumnado<\/a><\/p>\n<p><a href=\"http:\/\/etsa.udc.es\/web\/wp-content\/uploads\/2024\/01\/D03-P04_Movilidad.pdf\">D03-P04 Movilidad<\/a><\/p>\n<p><a href=\"http:\/\/etsa.udc.es\/web\/wp-content\/uploads\/2024\/01\/D03-P05_Practicas-Externas.pdf\">D03-P05 Pr\u00e1cticas Externas<\/a><\/p>\n<p><a href=\"http:\/\/etsa.udc.es\/web\/wp-content\/uploads\/2024\/01\/D04-P01_Personal.pdf\">D04-P01 Personal<\/a><\/p>\n<p><a href=\"http:\/\/etsa.udc.es\/web\/wp-content\/uploads\/2024\/01\/D05-P01_Recursos.pdf\">D05-P01 Recursos<\/a><\/p>\n<p><a href=\"http:\/\/etsa.udc.es\/web\/wp-content\/uploads\/2024\/01\/D06-P01_Resultados.pdf\">D06-P01 Resultados<\/a><\/p>\n<p><a href=\"http:\/\/etsa.udc.es\/web\/wp-content\/uploads\/2024\/01\/D06-P02_Incidencias.pdf\">D06-P02 Incidencias<\/a><\/p>\n<p><a href=\"http:\/\/etsa.udc.es\/web\/wp-content\/uploads\/2024\/01\/D06-P03_Satisfaccion.pdf\">D06-P03 Satisfacci\u00f3n<\/a><\/p>\n<p><a href=\"http:\/\/etsa.udc.es\/web\/wp-content\/uploads\/2024\/01\/D06-P03-E02.ProtocoloAplicacionEncuestas.pdf\">D06-P03-E02 Protocolo Aplicaci\u00f3n Encuestas<\/a><\/p>\n<p><a href=\"http:\/\/etsa.udc.es\/web\/wp-content\/uploads\/2024\/01\/D07-P01_Informacion-publica.pdf\">D07-P01 Informaci\u00f3n p\u00fablica<\/a><\/p>\n","protected":false},"excerpt":{"rendered":"<p>Aqu\u00ed se recoge la documentaci\u00f3n del Sistema de Garant\u00eda de Calidad (SGC) de la ETSAC que est\u00e1 compuesta por el manual y los procesos. El manual incluye: la relaci\u00f3n de [&hellip;]<\/p>\n","protected":false},"author":661,"featured_media":0,"parent":0,"menu_order":0,"comment_status":"closed","ping_status":"closed","template":"","meta":[],"_links":{"self":[{"href":"https:\/\/etsa.udc.es\/web\/index.php?rest_route=\/wp\/v2\/pages\/33318"}],"collection":[{"href":"https:\/\/etsa.udc.es\/web\/index.php?rest_route=\/wp\/v2\/pages"}],"about":[{"href":"https:\/\/etsa.udc.es\/web\/index.php?rest_route=\/wp\/v2\/types\/page"}],"author":[{"embeddable":true,"href":"https:\/\/etsa.udc.es\/web\/index.php?rest_route=\/wp\/v2\/users\/661"}],"replies":[{"embeddable":true,"href":"https:\/\/etsa.udc.es\/web\/index.php?rest_route=%2Fwp%2Fv2%2Fcomments&post=33318"}],"version-history":[{"count":14,"href":"https:\/\/etsa.udc.es\/web\/index.php?rest_route=\/wp\/v2\/pages\/33318\/revisions"}],"predecessor-version":[{"id":35655,"href":"https:\/\/etsa.udc.es\/web\/index.php?rest_route=\/wp\/v2\/pages\/33318\/revisions\/35655"}],"wp:attachment":[{"href":"https:\/\/etsa.udc.es\/web\/index.php?rest_route=%2Fwp%2Fv2%2Fmedia&parent=33318"}],"curies":[{"name":"wp","href":"https:\/\/api.w.org\/{rel}","templated":true}]}}