{"id":32474,"date":"2023-04-19T17:17:53","date_gmt":"2023-04-19T15:17:53","guid":{"rendered":"http:\/\/etsa.udc.es\/web\/?page_id=32474"},"modified":"2023-06-21T15:15:15","modified_gmt":"2023-06-21T13:15:15","slug":"titulacions-extinguidas","status":"publish","type":"page","link":"https:\/\/etsa.udc.es\/web\/?page_id=32474","title":{"rendered":"Titulaci\u00f3ns extinguidas"},"content":{"rendered":"<h3 class=\"x_ContentPasted1\">T\u00edtulo de Arquitecto reco\u00f1ecido pola comunidade europea de acordo coa directiva\u00a02005\/36\/CE<\/h3>\n<div>\n<div>\n<p><a class=\"x_ContentPasted1\" href=\"http:\/\/etsa.udc.es\/web\/wp-content\/uploads\/2018\/01\/http___eur-lex.europa.eu_legal-content_ES_TXT_PDF__uriCELEX_32017D2113qid1515501785868fromES-01_12_2017_resaltado.pdf\" target=\"_blank\" rel=\"noopener noreferrer\" data-auth=\"NotApplicable\" data-loopstyle=\"link\" data-safelink=\"true\" data-linkindex=\"1\">01.12.2017. Publicaci\u00f3n no EUR_lex (Bolet\u00edn oficial da Comunidade Europea) do reco\u00f1ecemento das titulaci\u00f3ns da ETSAC.<\/a><\/p>\n<h3 class=\"x_ContentPasted1\">Obxectivos formativos<\/h3>\n<p class=\"x_ContentPasted1\">As ensinanzas conducentes \u00e1 obtenci\u00f3n do t\u00edtulo oficial de Arquitecta\/o deber\u00e1n proporcionar unha formaci\u00f3n axeitada nas bases te\u00f3ricas e nas tecnolox\u00edas propias desta titulaci\u00f3n.<\/p>\n<p class=\"x_ContentPasted1\">Estes estudos deber\u00e1n manter o axeitado equilibrio entre os aspectos te\u00f3ricos e pr\u00e1cticos da formaci\u00f3n en Arquitectura e garantir, entre outras, a adquisici\u00f3n de:<\/p>\n<ul>\n<li class=\"x_ContentPasted1\">A aptitude para elaborar proxectos arquitect\u00f3nicos que satisfagan \u00e1 vez as esixencias est\u00e9ticas e t\u00e9cnicas.<\/li>\n<li class=\"x_ContentPasted1\">Un co\u00f1ecemento axeitado da historia e das teor\u00edas da arquitectura, as\u00ed como das artes, tecnolox\u00edas e ciencias humanas relacionadas.<\/li>\n<li class=\"x_ContentPasted1\">Un co\u00f1ecemento axeitado do urbanismo, a planificaci\u00f3n e as t\u00e9cnicas aplicadas no proceso de planificaci\u00f3n.<\/li>\n<li class=\"x_ContentPasted1\">Un co\u00f1ecemento dos m\u00e9todos de investigaci\u00f3n e preparaci\u00f3n do proxecto de construci\u00f3n.<\/li>\n<li class=\"x_ContentPasted1\">O co\u00f1ecemento dos problemas de concepci\u00f3n estrutural, construci\u00f3n e enxe\u00f1ar\u00eda civil vinculados cos proxectos de edificios.<\/li>\n<li class=\"x_ContentPasted1\">Un co\u00f1ecemento axeitado dos problemas f\u00edsicos e das tecnolox\u00edas, as\u00ed como da funci\u00f3n dos edificios, de forma que se dote a estes de todos os elementos para facelos internamente confortables e para protexelos dos factores clim\u00e1ticos.<\/li>\n<\/ul>\n<h3 class=\"x_ContentPasted1\">Sa\u00eddas profesionais<\/h3>\n<p class=\"x_ContentPasted1\">SECTORES: Empresas de materiais de construci\u00f3n, prefabricados, dese\u00f1o industrial, interiorismo. Profesi\u00f3n libre. Administraci\u00f3n p\u00fablica. Urbanismo.<\/p>\n<p class=\"x_ContentPasted1\">FUNCI\u00d3NS: Concepci\u00f3n, proxecto e realizaci\u00f3n de edificios, instalaci\u00f3ns urbanas complexas e saneamento. Asesor\u00eda urban\u00edstica. Recuperaci\u00f3n e restauraci\u00f3n de edificios antigos. Paisaxismo. Investigaci\u00f3n e docencia. Direcci\u00f3n dos diferentes mandos intermedios que interve\u00f1en na construci\u00f3n.<\/p>\n<blockquote><p><a class=\"x_ContentPasted1\" href=\"http:\/\/etsa.udc.es\/web\/wp-content\/uploads\/2012\/01\/Plan-de-estudios-1993-en-extincion.pdf\" target=\"_blank\" rel=\"noopener noreferrer\" data-auth=\"NotApplicable\" data-safelink=\"true\" data-linkindex=\"2\">Plan de estudios 1995<\/a><\/p>\n<p><a class=\"x_ContentPasted1\" href=\"http:\/\/etsa.udc.es\/web\/wp-content\/uploads\/2012\/05\/Temarios_ETSAC-Plan-de-estudios-1995.pdf\" target=\"_blank\" rel=\"noopener noreferrer\" data-auth=\"NotApplicable\" data-safelink=\"true\" data-linkindex=\"3\">Archivo con Temarios y Plan de Estudios 1995 para legalizaci\u00f3n del t\u00edtulo en castellano<\/a><\/p><\/blockquote>\n<\/div>\n<h3 class=\"x_ContentPasted1\">T\u00edtulo de Grao en Arquitectura<\/h3>\n<h3 class=\"x_ContentPasted0\">Obxectivos formativos<\/h3>\n<p class=\"x_ContentPasted0\">O grao en Arquitectura (t\u00edtulo en extinci\u00f3n ) habilita para a profesi\u00f3n regulada de arquitecto\/a. Esta titulaci\u00f3n forma o graduado na proxecci\u00f3n e construci\u00f3n de edificios e o dese\u00f1o e ordenaci\u00f3n de zonas urbanas, de parques, de paisaxes etc.<\/p>\n<h3 class=\"x_ContentPasted0\">Sa\u00eddas profesionais<\/h3>\n<p class=\"x_ContentPasted0\">Exercicio liberal da profesi\u00f3n, en empresas ou na Administraci\u00f3n. Redacci\u00f3n de proxectos e direcci\u00f3n de obra e edificaci\u00f3n e urbanizaci\u00f3n. Planificaci\u00f3n urban\u00edstica e ordenaci\u00f3n do territorio.<\/p>\n<blockquote>\n<h3 class=\"x_ContentPasted0\">BOE 18\/04\/2011<\/h3>\n<p><a class=\"x_ContentPasted0\" href=\"http:\/\/etsa.udc.es\/web\/wp-content\/uploads\/2019\/08\/Bolonia-1-Grado-en-Arquitectura-BOE-A-2011-6976.pdf\" target=\"_blank\" rel=\"noopener noreferrer\" data-auth=\"NotApplicable\" data-loopstyle=\"link\" data-safelink=\"true\" data-linkindex=\"1\">Resoluci\u00f3n de 30 de marzo de 2011, de la Universidad de A Coru\u00f1a, por la que se publica el plan de estudios de Graduado en Arquitectura.<\/a><\/p>\n<h3 class=\"x_ContentPasted0\">Ligaz\u00f3ns<\/h3>\n<p><a class=\"x_ContentPasted0\" href=\"http:\/\/etsa.udc.es\/web\/wp-content\/uploads\/2014\/05\/Bolonia-1-Plan-de-estudos-Grao-en-Arquitectura.pdf\" target=\"_blank\" rel=\"noopener noreferrer\" data-auth=\"NotApplicable\" data-safelink=\"true\" data-linkindex=\"2\">Grao en Arquitectura. Plan de Estudos<\/a><\/p>\n<p><a class=\"x_ContentPasted0\" href=\"http:\/\/etsa.udc.es\/web\/wp-content\/uploads\/2012\/02\/Ficha-Asignaturas-Grao-Arquitectura.pdf\" target=\"_blank\" rel=\"noopener noreferrer\" data-auth=\"NotApplicable\" data-safelink=\"true\" data-linkindex=\"3\">Grao en Arquitectura. Fichas Asignaturas<\/a><\/p>\n<p><a class=\"x_ContentPasted0\" href=\"http:\/\/etsa.udc.es\/web\/?page_id=817\" target=\"_blank\" rel=\"noopener noreferrer\" data-auth=\"NotApplicable\" data-safelink=\"true\" data-linkindex=\"4\">Proceso de Bolonia. Verificaci\u00f3n do plan de estudos<\/a><\/p><\/blockquote>\n<\/div>\n","protected":false},"excerpt":{"rendered":"<p>T\u00edtulo de Arquitecto reco\u00f1ecido pola comunidade europea de acordo coa directiva\u00a02005\/36\/CE 01.12.2017. Publicaci\u00f3n no EUR_lex (Bolet\u00edn oficial da Comunidade Europea) do reco\u00f1ecemento das titulaci\u00f3ns da ETSAC. Obxectivos formativos As ensinanzas [&hellip;]<\/p>\n","protected":false},"author":659,"featured_media":0,"parent":0,"menu_order":0,"comment_status":"closed","ping_status":"closed","template":"","meta":[],"_links":{"self":[{"href":"https:\/\/etsa.udc.es\/web\/index.php?rest_route=\/wp\/v2\/pages\/32474"}],"collection":[{"href":"https:\/\/etsa.udc.es\/web\/index.php?rest_route=\/wp\/v2\/pages"}],"about":[{"href":"https:\/\/etsa.udc.es\/web\/index.php?rest_route=\/wp\/v2\/types\/page"}],"author":[{"embeddable":true,"href":"https:\/\/etsa.udc.es\/web\/index.php?rest_route=\/wp\/v2\/users\/659"}],"replies":[{"embeddable":true,"href":"https:\/\/etsa.udc.es\/web\/index.php?rest_route=%2Fwp%2Fv2%2Fcomments&post=32474"}],"version-history":[{"count":3,"href":"https:\/\/etsa.udc.es\/web\/index.php?rest_route=\/wp\/v2\/pages\/32474\/revisions"}],"predecessor-version":[{"id":32680,"href":"https:\/\/etsa.udc.es\/web\/index.php?rest_route=\/wp\/v2\/pages\/32474\/revisions\/32680"}],"wp:attachment":[{"href":"https:\/\/etsa.udc.es\/web\/index.php?rest_route=%2Fwp%2Fv2%2Fmedia&parent=32474"}],"curies":[{"name":"wp","href":"https:\/\/api.w.org\/{rel}","templated":true}]}}