{"id":30815,"date":"2021-10-19T12:53:55","date_gmt":"2021-10-19T10:53:55","guid":{"rendered":"http:\/\/etsa.udc.es\/web\/?page_id=30815"},"modified":"2023-02-13T22:43:23","modified_gmt":"2023-02-13T21:43:23","slug":"reprografia","status":"publish","type":"page","link":"https:\/\/etsa.udc.es\/web\/?page_id=30815","title":{"rendered":"Reprograf\u00eda"},"content":{"rendered":"<p>&nbsp;<\/p>\n<h3><span style=\"color: #333399;\">REPRONOR<\/span><\/h3>\n<p>Reprograf\u00eda Noroeste S.L. Empresa concesionaria del servicio de reprograf\u00eda de la UDC<br \/>\nServicio <em>WEBtoPRINT<\/em>: <a href=\"http:\/\/www.reprografianoroeste.com\" target=\"_blank\" rel=\"noopener\">http:\/\/www.reprografianoroeste.com<\/a><br \/>\nOpci\u00f3n <em>enviar trabajos<\/em>: la web te env\u00eda un mensaje a tu correo electr\u00f3nico con tu n\u00famero de pedido, con el que puedes recoger el trabajo en el centro elegido.<\/p>\n<p>Servicio <em>env\u00edo a domicilio<\/em>: si no puedes acudir por un trabajo, o bien necesitas un libro o unos apuntes, contacta a trav\u00e9s del correo:<br \/>\n<a href=\"mailto:traballosudc@reprografianoroeste.com\" target=\"_blank\" rel=\"noopener\">traballosudc@reprografianoroeste.com<\/a><br \/>\nIndica las caracter\u00edsticas de tu pedido junto con tus datos personales y recibir\u00e1s respuesta en la que se te indicar\u00e1 el importe y las posibles formas de pago.<\/p>\n<p>Extensi\u00f3n (Facultad de Ciencias): 2163<br \/>\n@reproudc<\/p>\n","protected":false},"excerpt":{"rendered":"<p>&nbsp; REPRONOR Reprograf\u00eda Noroeste S.L. Empresa concesionaria del servicio de reprograf\u00eda de la UDC Servicio WEBtoPRINT: http:\/\/www.reprografianoroeste.com Opci\u00f3n enviar trabajos: la web te env\u00eda un mensaje a tu correo electr\u00f3nico [&hellip;]<\/p>\n","protected":false},"author":287,"featured_media":0,"parent":0,"menu_order":0,"comment_status":"closed","ping_status":"closed","template":"","meta":[],"_links":{"self":[{"href":"https:\/\/etsa.udc.es\/web\/index.php?rest_route=\/wp\/v2\/pages\/30815"}],"collection":[{"href":"https:\/\/etsa.udc.es\/web\/index.php?rest_route=\/wp\/v2\/pages"}],"about":[{"href":"https:\/\/etsa.udc.es\/web\/index.php?rest_route=\/wp\/v2\/types\/page"}],"author":[{"embeddable":true,"href":"https:\/\/etsa.udc.es\/web\/index.php?rest_route=\/wp\/v2\/users\/287"}],"replies":[{"embeddable":true,"href":"https:\/\/etsa.udc.es\/web\/index.php?rest_route=%2Fwp%2Fv2%2Fcomments&post=30815"}],"version-history":[{"count":2,"href":"https:\/\/etsa.udc.es\/web\/index.php?rest_route=\/wp\/v2\/pages\/30815\/revisions"}],"predecessor-version":[{"id":32190,"href":"https:\/\/etsa.udc.es\/web\/index.php?rest_route=\/wp\/v2\/pages\/30815\/revisions\/32190"}],"wp:attachment":[{"href":"https:\/\/etsa.udc.es\/web\/index.php?rest_route=%2Fwp%2Fv2%2Fmedia&parent=30815"}],"curies":[{"name":"wp","href":"https:\/\/api.w.org\/{rel}","templated":true}]}}