{"id":29575,"date":"2020-11-13T13:31:51","date_gmt":"2020-11-13T12:31:51","guid":{"rendered":"http:\/\/etsa.udc.es\/web\/?page_id=29575"},"modified":"2026-02-25T16:51:04","modified_gmt":"2026-02-25T15:51:04","slug":"politica-y-objetivos-de-calidad","status":"publish","type":"page","link":"https:\/\/etsa.udc.es\/web\/?page_id=29575","title":{"rendered":"Pol\u00edtica de calidade"},"content":{"rendered":"<p><img decoding=\"async\" loading=\"lazy\" class=\"alignnone wp-image-35649 size-full\" src=\"http:\/\/etsa.udc.es\/web\/wp-content\/uploads\/2025\/01\/logo_calidade_etsac.jpg\" alt=\"\" width=\"588\" height=\"115\" srcset=\"https:\/\/etsa.udc.es\/web\/wp-content\/uploads\/2025\/01\/logo_calidade_etsac.jpg 588w, https:\/\/etsa.udc.es\/web\/wp-content\/uploads\/2025\/01\/logo_calidade_etsac-180x35.jpg 180w\" sizes=\"(max-width: 588px) 100vw, 588px\" \/><\/p>\n<p><span style=\"color: #339966;\"><strong>Pol\u00edtica de calidade e obxectivos estrat\u00e9xicos<\/strong><\/span><\/p>\n<p><span style=\"color: #339966;\"><strong>Introducci\u00f3n<\/strong><\/span><\/p>\n<p>A Escola T\u00e9cnica Superior de Arquitectura da Coru\u00f1a foi creada no ano 1973 co fin do despegamento econ\u00f3mico e social de Galicia. Na actualidade, a ETSAC \u00e9 un centro de referencia na Universidade da Coru\u00f1a. Como parte integrante dela al\u00ed\u00f1ase coa planificaci\u00f3n estrat\u00e9xica desta Universidade, concretamente a trav\u00e9s do documento do Plan Estrat\u00e9xico da UDC 2022-2026.<\/p>\n<p>Este marco conforma a estratexia xeral en materia de calidade e que ten a s\u00faa incorporaci\u00f3n de forma transversal tanto na misi\u00f3n, visi\u00f3n e valores como nos obxectivos estrat\u00e9xicos definidos: investigaci\u00f3n e transferencia, financiamento e uso eficiente dos recursos, internacionalizaci\u00f3n, responsabilidade social e sustentabilidade, a\u00ednda que principalmente en docencia e aprendizaxe. Neste \u00e1mbito concretamente def\u00ednese o obxectivo estrat\u00e9xico 2 acerca de impulsar e fortalecer a calidade nos procesos de ensino e aprendizaxe. A\u00fana, como se deduce, o Obxectivo de Desenvolvemento Sostible ODS 4, que se define como unha educaci\u00f3n de calidade.<\/p>\n<p><strong>\u00a0<\/strong><\/p>\n<p><span style=\"color: #339966;\"><strong>Pol\u00edtica de calidade<\/strong><\/span><\/p>\n<p>A pol\u00edtica de calidade da ETSAC parte de fomentar unha cultura de calidade. Concretamente, enf\u00f3case en fomentar a excelencia acad\u00e9mica, a mellora continua dos procesos educativos e administrativos, a investigaci\u00f3n e a transferencia de co\u00f1ecemento. Todo iso desenv\u00f3lvese baixo os principios de transparencia, promovendo unha formaci\u00f3n integral, inclusiva e de responsabilidade social, orientada ao benestar da nosa comunidade universitaria e en ali\u00f1aci\u00f3n cos est\u00e1ndares nacionais e internacionais de calidade.<\/p>\n<p>Como servizo p\u00fablico para a educaci\u00f3n superior en materia da arquitectura e o seu patrimonio, urbanismo, paisaxe e a ordenaci\u00f3n do territorio manifesta o claro compromiso cara ao medio ambiente e o seu desenvolvemento social, cultural e econ\u00f3mico de Galicia, onde se potencie a satisfacci\u00f3n das expectativas formativas das s\u00faas egresadas e egresados e o reco\u00f1ecemento nos \u00e1mbitos acad\u00e9micos, profesionais e sociais nos que se integran.<\/p>\n<p>Concretamente a pol\u00edtica de calidade do centro profundar\u00e1 nos puntos seguintes:<\/p>\n<ul>\n<li><span style=\"color: #339966;\">Compromiso coa excelencia acad\u00e9mica:<\/span> Asegurar que a formaci\u00f3n impartida cumpra con altos est\u00e1ndares educativos.<\/li>\n<li><span style=\"color: #339966;\">Investigaci\u00f3n de calidade:<\/span> Fomentar a xeraci\u00f3n de co\u00f1ecemento rigoroso, \u00e9tico e de impacto, orientado a abordar as necesidades sociais e os desaf\u00edos contempor\u00e1neos en relaci\u00f3n \u00e1 sociedade galega.<\/li>\n<li><span style=\"color: #339966;\">Transferencia de co\u00f1ecemento:<\/span> Impulsar a aplicaci\u00f3n pr\u00e1ctica dos resultados de investigaci\u00f3n, promovendo a innovaci\u00f3n, a colaboraci\u00f3n con empresas e instituci\u00f3ns e a divulgaci\u00f3n cient\u00edfica para maximizar o impacto na contorna.<\/li>\n<li><span style=\"color: #339966;\">Satisfacci\u00f3n da comunidade universitaria:<\/span> Responder as expectativas dos estudantes, profesores e investigadores PDI e persoal PTXAS.<\/li>\n<li><span style=\"color: #339966;\">Mellora continua:<\/span> Avaliar e optimizar os procesos administrativos e acad\u00e9micos regularmente para adaptarse \u00e1s novas demandas.<\/li>\n<li><span style=\"color: #339966;\">Sustentabilidade e responsabilidade social:<\/span> Contribu\u00edr ao desenvolvemento sostible e \u00e1s demandas sociais da contorna.<\/li>\n<li><span style=\"color: #339966;\">Cumprimento normativo:<\/span> Ali\u00f1ar as actividades cos requisitos legais e os est\u00e1ndares nacionais e internacionais.<\/li>\n<li><span style=\"color: #339966;\">Transparencia e participaci\u00f3n:<\/span> Actuar con responsabilidade institucional e fomentar a participaci\u00f3n activa de toda a comunidade universitaria na consecuci\u00f3n destes obxectivos.<\/li>\n<\/ul>\n<p><strong>\u00a0<\/strong><\/p>\n<p><span style=\"color: #339966;\"><strong>Obxectivos estrat\u00e9xicos de calidade<\/strong><\/span><\/p>\n<p>Mentres non exista un Plan Estrat\u00e9xico do propio centro ETSAC, seguiranse os seguintes obxectivos estrat\u00e9xicos de calidade ali\u00f1ados dentro do marco e que se concretan a continuaci\u00f3n:<\/p>\n<p><span style=\"color: #339966;\">Docencia e aprendizaxe<\/span><\/p>\n<ul>\n<li>Impulsar e fortalecer a calidade nos procesos de ensino e aprendizaxe.<\/li>\n<li>Consolidar unha oferta formativa innovadora que responda as demandas e aos retos sociais do noso contorno.<\/li>\n<\/ul>\n<p><span style=\"color: #339966;\">Investigaci\u00f3n e transferencia<\/span><\/p>\n<ul>\n<li>Impulsar unha investigaci\u00f3n de calidade que potencie a internacionalizaci\u00f3n e a multidisciplinariedade.<\/li>\n<li>Apoiar aos grupos de investigaci\u00f3n no desenvolvemento da s\u00faa actividade.<\/li>\n<li>Incrementar a colaboraci\u00f3n coas empresas da contorna e promover a transferencia de co\u00f1ecemento.<\/li>\n<\/ul>\n<p><span style=\"color: #339966;\">Financiamiento e uso eficiente dos recursos<\/span><\/p>\n<ul>\n<li>Promover a xesti\u00f3n eficiente, responsable e transparente dos recursos p\u00fablicos no \u00e1mbito da ETSAC.<\/li>\n<li>Xestionar os recursos do centro para que xeren o menor impacto ambiental posible, procurando a s\u00faa maior eficiencia.<\/li>\n<li>Prestar especial atenci\u00f3n \u00e1 empregabilidade e ao emprendemento das egresados e egresados dos t\u00edtulos ofertados na ETSAC.<\/li>\n<\/ul>\n<p><span style=\"color: #339966;\">Internacionalizaci\u00f3n<\/span><\/p>\n<ul>\n<li>Promover a internacionalizaci\u00f3n da ETSAC, fomentando a mobilidade de todos os grupos de interese e promovendo a proposta de novas titulaci\u00f3ns conxuntas.<\/li>\n<\/ul>\n<p><span style=\"color: #339966;\">Responsabilidade social e sustentabilidade<\/span><\/p>\n<ul>\n<li>Fomentar a cultura da non discriminaci\u00f3n e a igualdade de oportunidades entre todos os grupos de interese da ETSAC.<\/li>\n<li>Asegurar que a pol\u00edtica de calidade \u00e9 entendida e aceptada por todos os grupos de interese e que se atope ao dispor de todos eles.<\/li>\n<li>Garantir que o Sistema de Garant\u00eda de Calidade mantense efectivo e que \u00e9 controlado e revisado de forma peri\u00f3dica.<\/li>\n<\/ul>\n<p>Para levar a cabo estes obxectivos estrat\u00e9xicos, a Comisi\u00f3n de Calidade (CC) elaborar\u00e1 un plan anual no que se definir\u00e1n os obxectivos operativos en materia da calidade seguindo o indicado no manual do Sistema de Garant\u00eda Interno de Calidade da Escola T\u00e9cnica Superior de Arquitectura da Universidade da Coru\u00f1a, concretamente no D01-P01 Pol\u00edtica e obxectivos de calidade. Iranse avaliando e adaptando nos anos sucesivos, entrando as\u00ed na din\u00e1mica da mellora continua.<\/p>\n<p>Este \u00e9 un documento p\u00fablico que se difunde a trav\u00e9s da web institucional da ETSAC.<\/p>\n<p><span style=\"color: #808080;\">Aprobado na reuni\u00f3n ordinaria da Xunta de Escola, n.\u00ba 266, celebrada o 18 de decembro de 2024.<\/span><\/p>\n<p>&nbsp;<\/p>\n<p>&nbsp;<\/p>\n<p><strong><span style=\"color: #339966;\">Obxetivos operativos anuais<\/span><\/strong><\/p>\n<ul>\n<li><strong>Ano 2025:<\/strong> Documento aprobado na Comisi\u00f3n de Calidade n.\u00ba 60 do 7\/2\/2025, accesible na seguinte <a href=\"http:\/\/etsa.udc.es\/web\/wp-content\/uploads\/2025\/02\/D01-P01-E03_Objetivos_anuales_gal.pdf\">ligaz\u00f3n<\/a>.<\/li>\n<li><strong>Ano 2026:<\/strong> Documento aprobado na Comisi\u00f3n de Calidade n.\u00ba 62 do 20\/2\/2026, accesible na seguinte <a href=\"http:\/\/etsa.udc.es\/web\/wp-content\/uploads\/2026\/02\/Anexo-3.pdf\">ligaz\u00f3n<\/a>.<\/li>\n<\/ul>\n","protected":false},"excerpt":{"rendered":"<p>Pol\u00edtica de calidade e obxectivos estrat\u00e9xicos Introducci\u00f3n A Escola T\u00e9cnica Superior de Arquitectura da Coru\u00f1a foi creada no ano 1973 co fin do despegamento econ\u00f3mico e social de Galicia. Na [&hellip;]<\/p>\n","protected":false},"author":287,"featured_media":0,"parent":0,"menu_order":0,"comment_status":"closed","ping_status":"closed","template":"","meta":[],"_links":{"self":[{"href":"https:\/\/etsa.udc.es\/web\/index.php?rest_route=\/wp\/v2\/pages\/29575"}],"collection":[{"href":"https:\/\/etsa.udc.es\/web\/index.php?rest_route=\/wp\/v2\/pages"}],"about":[{"href":"https:\/\/etsa.udc.es\/web\/index.php?rest_route=\/wp\/v2\/types\/page"}],"author":[{"embeddable":true,"href":"https:\/\/etsa.udc.es\/web\/index.php?rest_route=\/wp\/v2\/users\/287"}],"replies":[{"embeddable":true,"href":"https:\/\/etsa.udc.es\/web\/index.php?rest_route=%2Fwp%2Fv2%2Fcomments&post=29575"}],"version-history":[{"count":21,"href":"https:\/\/etsa.udc.es\/web\/index.php?rest_route=\/wp\/v2\/pages\/29575\/revisions"}],"predecessor-version":[{"id":37230,"href":"https:\/\/etsa.udc.es\/web\/index.php?rest_route=\/wp\/v2\/pages\/29575\/revisions\/37230"}],"wp:attachment":[{"href":"https:\/\/etsa.udc.es\/web\/index.php?rest_route=%2Fwp%2Fv2%2Fmedia&parent=29575"}],"curies":[{"name":"wp","href":"https:\/\/api.w.org\/{rel}","templated":true}]}}