{"id":29537,"date":"2020-11-12T19:09:21","date_gmt":"2020-11-12T18:09:21","guid":{"rendered":"http:\/\/etsa.udc.es\/web\/?page_id=29537"},"modified":"2025-01-05T17:16:29","modified_gmt":"2025-01-05T16:16:29","slug":"organigrama","status":"publish","type":"page","link":"https:\/\/etsa.udc.es\/web\/?page_id=29537","title":{"rendered":"Organigrama"},"content":{"rendered":"<p><a href=\"http:\/\/etsa.udc.es\/web\/wp-content\/uploads\/2020\/11\/logo_calidad.jpg\"><img decoding=\"async\" loading=\"lazy\" class=\"alignnone size-full wp-image-35649\" src=\"http:\/\/etsa.udc.es\/web\/wp-content\/uploads\/2025\/01\/logo_calidade_etsac.jpg\" alt=\"\" width=\"588\" height=\"115\" srcset=\"https:\/\/etsa.udc.es\/web\/wp-content\/uploads\/2025\/01\/logo_calidade_etsac.jpg 588w, https:\/\/etsa.udc.es\/web\/wp-content\/uploads\/2025\/01\/logo_calidade_etsac-180x35.jpg 180w\" sizes=\"(max-width: 588px) 100vw, 588px\" \/><\/a><\/p>\n<p>Se describe aqu\u00ed el organigrama de centro vinculado a la gesti\u00f3n de calidad, incluyendo los \u00f3rganos colegiados y unipersonales vinculados a la misma.<\/p>\n<p><a href=\"http:\/\/etsa.udc.es\/web\/wp-content\/uploads\/2020\/11\/2020.11.12.Organigrama.Calidad.jpg\"><img decoding=\"async\" loading=\"lazy\" class=\"alignnone size-full wp-image-29538\" src=\"http:\/\/etsa.udc.es\/web\/wp-content\/uploads\/2020\/11\/2020.11.12.Organigrama.Calidad.jpg\" alt=\"\" width=\"615\" height=\"615\" srcset=\"https:\/\/etsa.udc.es\/web\/wp-content\/uploads\/2020\/11\/2020.11.12.Organigrama.Calidad.jpg 615w, https:\/\/etsa.udc.es\/web\/wp-content\/uploads\/2020\/11\/2020.11.12.Organigrama.Calidad-105x105.jpg 105w, https:\/\/etsa.udc.es\/web\/wp-content\/uploads\/2020\/11\/2020.11.12.Organigrama.Calidad-300x300.jpg 300w, https:\/\/etsa.udc.es\/web\/wp-content\/uploads\/2020\/11\/2020.11.12.Organigrama.Calidad-150x150.jpg 150w, https:\/\/etsa.udc.es\/web\/wp-content\/uploads\/2020\/11\/2020.11.12.Organigrama.Calidad-36x36.jpg 36w, https:\/\/etsa.udc.es\/web\/wp-content\/uploads\/2020\/11\/2020.11.12.Organigrama.Calidad-144x144.jpg 144w\" sizes=\"(max-width: 615px) 100vw, 615px\" \/><\/a><\/p>\n","protected":false},"excerpt":{"rendered":"<p>Se describe aqu\u00ed el organigrama de centro vinculado a la gesti\u00f3n de calidad, incluyendo los \u00f3rganos colegiados y unipersonales vinculados a la misma.<\/p>\n","protected":false},"author":287,"featured_media":0,"parent":0,"menu_order":0,"comment_status":"closed","ping_status":"closed","template":"","meta":[],"_links":{"self":[{"href":"https:\/\/etsa.udc.es\/web\/index.php?rest_route=\/wp\/v2\/pages\/29537"}],"collection":[{"href":"https:\/\/etsa.udc.es\/web\/index.php?rest_route=\/wp\/v2\/pages"}],"about":[{"href":"https:\/\/etsa.udc.es\/web\/index.php?rest_route=\/wp\/v2\/types\/page"}],"author":[{"embeddable":true,"href":"https:\/\/etsa.udc.es\/web\/index.php?rest_route=\/wp\/v2\/users\/287"}],"replies":[{"embeddable":true,"href":"https:\/\/etsa.udc.es\/web\/index.php?rest_route=%2Fwp%2Fv2%2Fcomments&post=29537"}],"version-history":[{"count":4,"href":"https:\/\/etsa.udc.es\/web\/index.php?rest_route=\/wp\/v2\/pages\/29537\/revisions"}],"predecessor-version":[{"id":35654,"href":"https:\/\/etsa.udc.es\/web\/index.php?rest_route=\/wp\/v2\/pages\/29537\/revisions\/35654"}],"wp:attachment":[{"href":"https:\/\/etsa.udc.es\/web\/index.php?rest_route=%2Fwp%2Fv2%2Fmedia&parent=29537"}],"curies":[{"name":"wp","href":"https:\/\/api.w.org\/{rel}","templated":true}]}}