{"id":29007,"date":"2020-07-30T17:17:45","date_gmt":"2020-07-30T15:17:45","guid":{"rendered":"http:\/\/etsa.udc.es\/web\/?page_id=29007"},"modified":"2025-07-30T10:29:18","modified_gmt":"2025-07-30T08:29:18","slug":"master-universitario-en-arquitectura","status":"publish","type":"page","link":"https:\/\/etsa.udc.es\/web\/?page_id=29007","title":{"rendered":"M\u00e1ster Universitario en Arquitectura"},"content":{"rendered":"<h2>Curso 2025-2026<\/h2>\n<p><strong><img decoding=\"async\" loading=\"lazy\" class=\"alignnone wp-image-36493 \" src=\"http:\/\/etsa.udc.es\/web\/wp-content\/uploads\/2025\/07\/MUA2526_Espacios-de-trabajo-512x300.jpg\" alt=\"\" width=\"620\" height=\"363\" srcset=\"https:\/\/etsa.udc.es\/web\/wp-content\/uploads\/2025\/07\/MUA2526_Espacios-de-trabajo-512x300.jpg 512w, https:\/\/etsa.udc.es\/web\/wp-content\/uploads\/2025\/07\/MUA2526_Espacios-de-trabajo-180x105.jpg 180w, https:\/\/etsa.udc.es\/web\/wp-content\/uploads\/2025\/07\/MUA2526_Espacios-de-trabajo-768x450.jpg 768w, https:\/\/etsa.udc.es\/web\/wp-content\/uploads\/2025\/07\/MUA2526_Espacios-de-trabajo-1536x899.jpg 1536w, https:\/\/etsa.udc.es\/web\/wp-content\/uploads\/2025\/07\/MUA2526_Espacios-de-trabajo.jpg 1578w\" sizes=\"(max-width: 620px) 100vw, 620px\" \/><\/strong><\/p>\n<p><strong><a href=\"http:\/\/etsa.udc.es\/web\/wp-content\/uploads\/2025\/07\/MUA-2526_presentacion-xeral-do-curso_compressed.pdf\">Presentaci\u00f3n xeral do curso<\/a><\/strong><\/p>\n<p><strong><a href=\"http:\/\/etsa.udc.es\/web\/wp-content\/uploads\/2025\/07\/MUA2526_Taller-A_Centro-de-investigacion-de-la-tecnologia-de-la-construccion.pdf\">Presentaci\u00f3n Taller A: Centro de investigaci\u00f3n da tecnolox\u00eda da construcci\u00f3n<\/a><\/strong><\/p>\n<p><strong><a href=\"http:\/\/etsa.udc.es\/web\/wp-content\/uploads\/2025\/07\/MUA2526_Taller-B_Talleres-Municipales.pdf\">Presentaci\u00f3n Taller B: Talleres Municipales<\/a><\/strong><\/p>\n<p><strong><a href=\"http:\/\/etsa.udc.es\/web\/wp-content\/uploads\/2025\/07\/MUA2526_Taller-IACOBUS_Taillerie-de-Royat_comp.pdf\">Presentaci\u00f3n IACOBUS: Taillerie de Royat<\/a><\/strong><\/p>\n<p><a href=\"https:\/\/udcgal-my.sharepoint.com\/:u:\/g\/personal\/jose_bermudez_udc_es\/ESW0nS3_wLdArI12erNbfmYBKbwwQoC4_KT1CgpaGzX2zA?e=s8KGPF\"><strong>Cartograf\u00eda Pontevedra<\/strong><\/a><\/p>\n<h2>Curso 2024-2025<\/h2>\n<p><img decoding=\"async\" loading=\"lazy\" class=\"alignnone wp-image-34156 size-large\" src=\"http:\/\/etsa.udc.es\/web\/wp-content\/uploads\/2024\/05\/PRESENTACION-MUA-620x244.jpg\" alt=\"\" width=\"620\" height=\"244\" srcset=\"https:\/\/etsa.udc.es\/web\/wp-content\/uploads\/2024\/05\/PRESENTACION-MUA-620x244.jpg 620w, https:\/\/etsa.udc.es\/web\/wp-content\/uploads\/2024\/05\/PRESENTACION-MUA-180x71.jpg 180w, https:\/\/etsa.udc.es\/web\/wp-content\/uploads\/2024\/05\/PRESENTACION-MUA-768x303.jpg 768w, https:\/\/etsa.udc.es\/web\/wp-content\/uploads\/2024\/05\/PRESENTACION-MUA-1536x605.jpg 1536w, https:\/\/etsa.udc.es\/web\/wp-content\/uploads\/2024\/05\/PRESENTACION-MUA-2048x807.jpg 2048w\" sizes=\"(max-width: 620px) 100vw, 620px\" \/><\/p>\n<p><a href=\"http:\/\/etsa.udc.es\/web\/wp-content\/uploads\/2024\/05\/PresentacionMASTER_2024-25_06_05_2024.pdf\"><strong>Presentaci\u00f3n xeral do curso<\/strong><\/a><\/p>\n<p><a href=\"http:\/\/etsa.udc.es\/web\/wp-content\/uploads\/2024\/05\/MUA-2024-25-programa-taller-A.pdf\"><strong>Presentaci\u00f3n Taller A<\/strong> (Granxa agrogandeira en Tomeza, Pontevedra)<\/a><\/p>\n<p><a href=\"http:\/\/etsa.udc.es\/web\/wp-content\/uploads\/2024\/05\/PROGRAMA-TALLER-B-CIFF.pdf\"><strong>Presentaci\u00f3n Taller B<\/strong> (Centro de investigaci\u00f3n do r\u00edo Gafos, Pontevedra)<\/a><\/p>\n<p><a href=\"http:\/\/etsa.udc.es\/web\/wp-content\/uploads\/2024\/07\/2024-2025_TFM_Taller-C_Cooperativa_M.pdf\"><strong>Presentaci\u00f3n Taller C<\/strong> (Agrocooperativa de suministros, Pontevedra)<\/a><\/p>\n<p><a href=\"http:\/\/etsa.udc.es\/web\/wp-content\/uploads\/2024\/05\/IACOBUS-2025.pdf\"><strong>Presentaci\u00f3n IACOBUS<\/strong> (Pasaxe 59, barrio de Laveve, Li\u00e8ge)<\/a><\/p>\n<p><a href=\"https:\/\/udcgal-my.sharepoint.com\/:u:\/g\/personal\/jose_bermudez_udc_es\/ESW0nS3_wLdArI12erNbfmYBKbwwQoC4_KT1CgpaGzX2zA?e=s8KGPF\"><strong>Cartograf\u00eda PONTEVEDRA_2024-25<\/strong>\u00a0 pdf<\/a><\/p>\n<p>&nbsp;<\/p>\n<h2>Curso 2023-2024<\/h2>\n<p>Desde siempre vinculamos la necesidad de construir con el uso de nuevos espacios a trave\u0301s de la actividad y las formas de vida. Aunque diversos, nos hemos acostumbrado a organizar y actuar agrupando intereses comunes. Por eso, una de las cuestiones importantes para la arquitectura sigue siendo la definicio\u0301n de esos lugares en los que se concentran las necesidades concretas de un conjunto de individuos. La cuestio\u0301n tipolo\u0301gica tiene que ver con esto y va ma\u0301s alla\u0301 del dominio pu\u0301blico o privado de su motivacio\u0301n. Es interesante ver como estas necesidades cambian con los tiempos y ver co\u0301mo definen, desde la respuesta a un objetivo comu\u0301n, la identidad del grupo.<\/p>\n<p>El enfoque puede tener un marcado cara\u0301cter asistencial, centrado en la atencio\u0301n o inclusio\u0301n del grupo dentro de la sociedad, pero tambie\u0301n responder a su capacidad de expresio\u0301n y al desarrollo de actividades concretas.<\/p>\n<p>Despue\u0301s de haber trabajado en el curso 2022-23 con el espacio dome\u0301stico en la ciudad, como hogar pu\u0301blico abierto a una colectividad diversa que se reu\u0301ne para encontrarse y socializar; durante el curso 2023-24 lo haremos sobre espacios orientados por las necesidades de un colectivo, un grupo de individuos con intereses coincidentes.<\/p>\n<p><img decoding=\"async\" loading=\"lazy\" class=\"alignnone size-full wp-image-32854\" src=\"http:\/\/etsa.udc.es\/web\/wp-content\/uploads\/2023\/08\/PontevedraMUA_7.7.23_Lugares_Temas.jpg\" alt=\"\" width=\"1510\" height=\"1621\" srcset=\"https:\/\/etsa.udc.es\/web\/wp-content\/uploads\/2023\/08\/PontevedraMUA_7.7.23_Lugares_Temas.jpg 1510w, https:\/\/etsa.udc.es\/web\/wp-content\/uploads\/2023\/08\/PontevedraMUA_7.7.23_Lugares_Temas-98x105.jpg 98w, https:\/\/etsa.udc.es\/web\/wp-content\/uploads\/2023\/08\/PontevedraMUA_7.7.23_Lugares_Temas-279x300.jpg 279w, https:\/\/etsa.udc.es\/web\/wp-content\/uploads\/2023\/08\/PontevedraMUA_7.7.23_Lugares_Temas-768x824.jpg 768w, https:\/\/etsa.udc.es\/web\/wp-content\/uploads\/2023\/08\/PontevedraMUA_7.7.23_Lugares_Temas-1431x1536.jpg 1431w\" sizes=\"(max-width: 1510px) 100vw, 1510px\" \/><\/p>\n<p><a href=\"http:\/\/etsa.udc.es\/web\/wp-content\/uploads\/2023\/09\/MUA-2023_24_TALLERES_TEMAS_Pontevedra-07.07.2023-1.pdf\">Curso 2023\/24: Temas<\/a><\/p>\n<p><a href=\"http:\/\/etsa.udc.es\/web\/wp-content\/uploads\/2023\/09\/2309-Horarios-2324-2-MUA-2.pdf\">Curso 2023\/24: Horarios<\/a><\/p>\n<p><a href=\"http:\/\/etsa.udc.es\/web\/wp-content\/uploads\/2023\/09\/2324-Calendario-TFG-TFM-2-aprobado-3.pdf\">Curso 2023\/24: Calendario de convocatorias de Tribunales<\/a><\/p>\n<p><a href=\"http:\/\/etsa.udc.es\/web\/wp-content\/uploads\/2024\/03\/Defensa-TFM-FEBREIRO-2024_CONVOCATORIA_8.03.24_.pdf\">Defensa TFM. Viernes 08.03.2024 | 9:30 h | Sal\u00f3n de Actos.<\/a><\/p>\n","protected":false},"excerpt":{"rendered":"<p>Curso 2025-2026 Presentaci\u00f3n xeral do curso Presentaci\u00f3n Taller A: Centro de investigaci\u00f3n da tecnolox\u00eda da construcci\u00f3n Presentaci\u00f3n Taller B: Talleres Municipales Presentaci\u00f3n IACOBUS: Taillerie de Royat Cartograf\u00eda Pontevedra Curso 2024-2025 [&hellip;]<\/p>\n","protected":false},"author":287,"featured_media":0,"parent":0,"menu_order":0,"comment_status":"closed","ping_status":"closed","template":"","meta":[],"_links":{"self":[{"href":"https:\/\/etsa.udc.es\/web\/index.php?rest_route=\/wp\/v2\/pages\/29007"}],"collection":[{"href":"https:\/\/etsa.udc.es\/web\/index.php?rest_route=\/wp\/v2\/pages"}],"about":[{"href":"https:\/\/etsa.udc.es\/web\/index.php?rest_route=\/wp\/v2\/types\/page"}],"author":[{"embeddable":true,"href":"https:\/\/etsa.udc.es\/web\/index.php?rest_route=\/wp\/v2\/users\/287"}],"replies":[{"embeddable":true,"href":"https:\/\/etsa.udc.es\/web\/index.php?rest_route=%2Fwp%2Fv2%2Fcomments&post=29007"}],"version-history":[{"count":38,"href":"https:\/\/etsa.udc.es\/web\/index.php?rest_route=\/wp\/v2\/pages\/29007\/revisions"}],"predecessor-version":[{"id":36498,"href":"https:\/\/etsa.udc.es\/web\/index.php?rest_route=\/wp\/v2\/pages\/29007\/revisions\/36498"}],"wp:attachment":[{"href":"https:\/\/etsa.udc.es\/web\/index.php?rest_route=%2Fwp%2Fv2%2Fmedia&parent=29007"}],"curies":[{"name":"wp","href":"https:\/\/api.w.org\/{rel}","templated":true}]}}