{"id":27166,"date":"2019-03-05T14:34:14","date_gmt":"2019-03-05T13:34:14","guid":{"rendered":"http:\/\/etsa.udc.es\/web\/?page_id=27166"},"modified":"2019-03-05T14:34:14","modified_gmt":"2019-03-05T13:34:14","slug":"condicions-para-a-realizacion-do-b2-tfg-e-o-b2-pfm","status":"publish","type":"page","link":"https:\/\/etsa.udc.es\/web\/?page_id=27166","title":{"rendered":"Condici\u00f3ns para a realizaci\u00f3n do B2.TFG e o B2.PFM"},"content":{"rendered":"<p>As titulaci\u00f3ns <a href=\"http:\/\/etsa.udc.es\/web\/?page_id=14284\">Grao en Estudos de Arquitectura<\/a> e <a href=\"http:\/\/etsa.udc.es\/web\/?page_id=14286\">M\u00e1ster Universitario en Arquitectura<\/a> pola Universidade da Coru\u00f1a, foron verificadas de acordo coa orde <a href=\"https:\/\/www.boe.es\/buscar\/doc.php?id=BOE-A-2010-12269\">EDU\/2075\/2010<\/a> pola que se establecen os requisitos para a verificaci\u00f3n dos t\u00edtulos universitarios oficiais que habiliten para o exercicio da arquitectura. Na citada orde f\u00edxanse as condici\u00f3ns para a realizaci\u00f3n do Traballo Fin de grao e o Proxecto Fin de Carreira do M\u00e1ster Universitario en Arquitectura.<\/p>\n<p><a href=\"https:\/\/www.boe.es\/buscar\/doc.php?id=BOE-A-2010-12269\"><img decoding=\"async\" loading=\"lazy\" class=\"size-full wp-image-27167 alignnone\" src=\"http:\/\/etsa.udc.es\/web\/wp-content\/uploads\/2019\/03\/TFGPFC_01.png\" alt=\"\" width=\"619\" height=\"251\" srcset=\"https:\/\/etsa.udc.es\/web\/wp-content\/uploads\/2019\/03\/TFGPFC_01.png 619w, https:\/\/etsa.udc.es\/web\/wp-content\/uploads\/2019\/03\/TFGPFC_01-180x73.png 180w\" sizes=\"(max-width: 619px) 100vw, 619px\" \/><\/a><\/p>\n<p>Por tanto, os estudantes que cursen as titulaci\u00f3ns de Grao e M\u00e1ster que se imparten na ETSAC, han de <strong>ELABORAR, PRESENTAR e DEFENDER<\/strong> ante un Tribunal Universitario disposto para ese efecto pola Escola T\u00e9cnica Superior de Arquitectura da Universidade da Coru\u00f1a, para que esta poida acreditar a adquisici\u00f3n de competencias sinaladas na citada orde. Os traballos desenvolveranse de acordo aos regulamentos de <a href=\"http:\/\/etsa.udc.es\/web\/wp-content\/uploads\/2015\/07\/20150703-B2TFG-Reglamento.pdf\">Traballo Fin de Grao<\/a> e <a href=\"http:\/\/etsa.udc.es\/web\/wp-content\/uploads\/2015\/06\/20150601-Reglamento-PFC-Master-Universitario-en-Arquitectura.pdf\">Proxecto Fin de Carreira<\/a>, aprobados pola Xunta de Escola e publicados na <a href=\"http:\/\/etsa.udc.es\/web\/?page_id=445\">p\u00e1xina web da ETSAC<\/a>.<\/p>\n<p>Estarase ao disposto na <a href=\"https:\/\/www.udc.es\/normativa\/academica\/\">normativa acad\u00e9mica<\/a> da Universidade da Coru\u00f1a<\/p>\n","protected":false},"excerpt":{"rendered":"<p>As titulaci\u00f3ns Grao en Estudos de Arquitectura e M\u00e1ster Universitario en Arquitectura pola Universidade da Coru\u00f1a, foron verificadas de acordo coa orde EDU\/2075\/2010 pola que se establecen os requisitos para [&hellip;]<\/p>\n","protected":false},"author":11,"featured_media":0,"parent":422,"menu_order":0,"comment_status":"closed","ping_status":"closed","template":"","meta":[],"_links":{"self":[{"href":"https:\/\/etsa.udc.es\/web\/index.php?rest_route=\/wp\/v2\/pages\/27166"}],"collection":[{"href":"https:\/\/etsa.udc.es\/web\/index.php?rest_route=\/wp\/v2\/pages"}],"about":[{"href":"https:\/\/etsa.udc.es\/web\/index.php?rest_route=\/wp\/v2\/types\/page"}],"author":[{"embeddable":true,"href":"https:\/\/etsa.udc.es\/web\/index.php?rest_route=\/wp\/v2\/users\/11"}],"replies":[{"embeddable":true,"href":"https:\/\/etsa.udc.es\/web\/index.php?rest_route=%2Fwp%2Fv2%2Fcomments&post=27166"}],"version-history":[{"count":1,"href":"https:\/\/etsa.udc.es\/web\/index.php?rest_route=\/wp\/v2\/pages\/27166\/revisions"}],"predecessor-version":[{"id":27168,"href":"https:\/\/etsa.udc.es\/web\/index.php?rest_route=\/wp\/v2\/pages\/27166\/revisions\/27168"}],"up":[{"embeddable":true,"href":"https:\/\/etsa.udc.es\/web\/index.php?rest_route=\/wp\/v2\/pages\/422"}],"wp:attachment":[{"href":"https:\/\/etsa.udc.es\/web\/index.php?rest_route=%2Fwp%2Fv2%2Fmedia&parent=27166"}],"curies":[{"name":"wp","href":"https:\/\/api.w.org\/{rel}","templated":true}]}}