{"id":14284,"date":"2015-03-29T16:51:27","date_gmt":"2015-03-29T16:51:27","guid":{"rendered":"http:\/\/etsa.udc.es\/web\/?page_id=14284"},"modified":"2022-02-21T23:49:08","modified_gmt":"2022-02-21T22:49:08","slug":"grao-en-estudos-de-arquitectura","status":"publish","type":"page","link":"https:\/\/etsa.udc.es\/web\/?page_id=14284","title":{"rendered":"Grao en Estudos de Arquitectura"},"content":{"rendered":"<h4><a href=\"http:\/\/etsa.udc.es\/web\/?page_id=14607\"><span style=\"color: #003366;\">INFORMACI\u00d3N SOBRE OS NOVOS PLANES DE ESTUDOS<\/span><\/a><\/h4>\n<p><a href=\"https:\/\/app.box.com\/s\/aj82wbmuakqfvv2mxn3kdzwc60oaeqld\">Graduado o Graduada en Estudos de Arquitectura pola Universidad de A Coru\u00f1a<\/a><br \/>\nBOE 9.12.2015 <a href=\"https:\/\/www.boe.es\/boe\/dias\/2015\/12\/09\/pdfs\/BOE-A-2015-13381.pdf\">Publicaci\u00f3n do plano de estudos Graduado en Estudos de Arquitectura<\/a><br \/>\nDOGA 2.12.2015 <a href=\"http:\/\/www.xunta.es\/dog\/Publicados\/2015\/20151202\/AnuncioG2017-241115-0001_es.html\">Publicaci\u00f3n do plano de estudos Graduado en Estudios de Arquitectura<\/a><br \/>\n\u00fanica titulaci\u00f3n que da acceso ao M\u00e1ster Universitario en Arquitectura que habilita para a exercicio da profesi\u00f3n regulada de Arquitecto.<br \/>\n<a href=\"https:\/\/app.box.com\/s\/aj82wbmuakqfvv2mxn3kdzwc60oaeqld\">Memoria aprobada polo Consello de Universidades<\/a><br \/>\n<a href=\"https:\/\/sede.educacion.gob.es\/cid\/164883137850342068783386.pdf\">Acceso e admisi\u00f3n de estudiantes<\/a><br \/>\n<a href=\"https:\/\/sede.educacion.gob.es\/cid\/164883143983534040274311.pdf\">Planificaci\u00f3n das ensinanzas<\/a><\/p>\n<p><a href=\"https:\/\/sede.educacion.gob.es\/cid\/164883143983534040274311.pdf\"><img decoding=\"async\" loading=\"lazy\" class=\" size-full wp-image-14299 aligncenter\" src=\"http:\/\/etsa.udc.es\/web\/wp-content\/uploads\/2015\/03\/Grao_Estrucgeneral.png\" alt=\"Grao_Estrucgeneral\" width=\"615\" height=\"533\" srcset=\"https:\/\/etsa.udc.es\/web\/wp-content\/uploads\/2015\/03\/Grao_Estrucgeneral.png 615w, https:\/\/etsa.udc.es\/web\/wp-content\/uploads\/2015\/03\/Grao_Estrucgeneral-121x105.png 121w, https:\/\/etsa.udc.es\/web\/wp-content\/uploads\/2015\/03\/Grao_Estrucgeneral-346x300.png 346w\" sizes=\"(max-width: 615px) 100vw, 615px\" \/><\/a><br \/>\n<a href=\"https:\/\/sede.educacion.gob.es\/cid\/164883162197973600563263.pdf\" target=\"_blank\" rel=\"noopener noreferrer\">Calendario de implantaci\u00f3n<\/a><br \/>\n<a href=\"http:\/\/etsa.udc.es\/web\/wp-content\/uploads\/2022\/01\/20211221-TFG-Reglamento-aprobado.pdf\">Reglamento do Traballo de Fin de Grado\u00a0<\/a><br \/>\n<a href=\"http:\/\/etsa.udc.es\/web\/?page_id=27166\" target=\"_blank\" rel=\"noopener noreferrer\">Condici\u00f3ns para a realizaci\u00f3n do TFG<\/a><\/p>\n<p><a href=\"http:\/\/etsa.udc.es\/web\/?p=25125\" target=\"_blank\" rel=\"noopener noreferrer\">Traduci\u00f3n ao ingl\u00e9s da titulaci\u00f3n e publicaci\u00f3n no Eur_Lex<\/a> (Bolet\u00edn Oficial da Comunidade Europea) do reco\u00f1ecemento das titulaci\u00f3ns da ETSAC<\/p>\n","protected":false},"excerpt":{"rendered":"<p>INFORMACI\u00d3N SOBRE OS NOVOS PLANES DE ESTUDOS Graduado o Graduada en Estudos de Arquitectura pola Universidad de A Coru\u00f1a BOE 9.12.2015 Publicaci\u00f3n do plano de estudos Graduado en Estudos de [&hellip;]<\/p>\n","protected":false},"author":11,"featured_media":0,"parent":422,"menu_order":0,"comment_status":"open","ping_status":"open","template":"","meta":[],"_links":{"self":[{"href":"https:\/\/etsa.udc.es\/web\/index.php?rest_route=\/wp\/v2\/pages\/14284"}],"collection":[{"href":"https:\/\/etsa.udc.es\/web\/index.php?rest_route=\/wp\/v2\/pages"}],"about":[{"href":"https:\/\/etsa.udc.es\/web\/index.php?rest_route=\/wp\/v2\/types\/page"}],"author":[{"embeddable":true,"href":"https:\/\/etsa.udc.es\/web\/index.php?rest_route=\/wp\/v2\/users\/11"}],"replies":[{"embeddable":true,"href":"https:\/\/etsa.udc.es\/web\/index.php?rest_route=%2Fwp%2Fv2%2Fcomments&post=14284"}],"version-history":[{"count":28,"href":"https:\/\/etsa.udc.es\/web\/index.php?rest_route=\/wp\/v2\/pages\/14284\/revisions"}],"predecessor-version":[{"id":31207,"href":"https:\/\/etsa.udc.es\/web\/index.php?rest_route=\/wp\/v2\/pages\/14284\/revisions\/31207"}],"up":[{"embeddable":true,"href":"https:\/\/etsa.udc.es\/web\/index.php?rest_route=\/wp\/v2\/pages\/422"}],"wp:attachment":[{"href":"https:\/\/etsa.udc.es\/web\/index.php?rest_route=%2Fwp%2Fv2%2Fmedia&parent=14284"}],"curies":[{"name":"wp","href":"https:\/\/api.w.org\/{rel}","templated":true}]}}